{"id":233,"date":"2017-01-30T17:20:13","date_gmt":"2017-01-30T16:20:13","guid":{"rendered":"http:\/\/www.rhodosinfo.eu\/?page_id=233"},"modified":"2017-12-05T13:02:57","modified_gmt":"2017-12-05T12:02:57","slug":"eiland-geschiedenis","status":"publish","type":"page","link":"https:\/\/rhodosinfo.eu\/de\/eiland-geschiedenis\/","title":{"rendered":"Insel Geschichte"},"content":{"rendered":"<p><span style=\"color: #000000;\">Nachdem die Dorer sich auf Rhodos niederlie\u00dfen. Der &#8220;Aufstieg&#8221; der Insel begann ab dem 11. die Ach\u00e4er. Jh. kamen die Minoer, im 15. Im 16. Chr.Rhodos ist bereits seit dem Neolithikum besiedelt. Bedeutendere Ansiedlungen entstanden w\u00e4hrend der fr\u00fchen Bronzezeit (ca. 2800 &#8211; 2000 v.). Jahrhundert v. Chr. v. Chr. Jh. v. Chr. Von diesen wurden sp\u00e4ter auch die &#8220;drei St\u00e4dte&#8221; Ialysos, Kameiros und Lindos gegr\u00fcndet, die lange Zeit gro\u00dfe Bedeutung hatten, auch auf Grund ihres B\u00fcndnisses mit Kos, Knidos und Halikarnassos, die beiden letzteren auf dem kleinasiatischen Festland gelegen, der so genannten Hexapolis, als dorischer Sechsst\u00e4dtebund.<\/span><\/p>\n<p><span style=\"color: #000000;\">Am Krieg gegen Troja soll sich Rhodos laut Homer mit neun Schiffen unter der F\u00fchrung von Tlepolemos beteiligt haben.<\/span><\/p>\n<p><span style=\"color: #000000;\">dem attischen Seebund bei. Nach der Niederlage der Perser bei Plataiai 479 v. Gegen dieses Reich beteiligte sich Rhodos am Ionischen Aufstand der \u00fcbrigen Griechenst\u00e4dte Kleinasiens (500 bis 494) und war anschlie\u00dfend Teil des Persischen Reichs. geriet Rhodos in den Einflussbereich des Perserreichs. Chr.Nach der Niederlage des benachbarten Lydien gegen die Perser 546 v. Chr. traten die drei St\u00e4dte von Rhodos 478 v. Chr.<\/span><\/p>\n<p><span style=\"color: #000000;\">Die &#8220;drei St\u00e4dte&#8221; schlossen sich zusammen und gr\u00fcndeten gemeinsam eine neue Stadt an der Nordspitze der Insel, wo sich die heutige Stadt Rhodos befindet.408 v. Chr. begann eine neue Epoche in der Geschichte der Insel. Gebaut wurde nach den Pl\u00e4nen des Hippodamos von Milet, eines ber\u00fchmten St\u00e4dteplaners seiner Zeit. Schon im n\u00e4chsten Jahrhundert \u00fcberfl\u00fcgelte die Neugr\u00fcndung sogar Athen als Handelsplatz.<\/span><br \/>\n<span style=\"color: #000000;\"> Der Koloss von Rhodos<\/span><\/p>\n<p><span style=\"color: #000000;\">Der Koloss stellte den Sonnengott Helios dar, dem die Insel geweiht war. zerst\u00f6rt wurde, stand hier einer Legende zufolge \u00fcber der Hafeneinfahrt zum Mandraki-Hafen. 34 m hoch, der bei einem Erdbeben im Jahre 227 v.Eines der sieben Weltwunder, der Koloss von Rhodos, ca. Chr.<\/span><\/p>\n<p><span style=\"color: #000000;\">seine Unab\u00e4ngigkeit gegen\u00fcber Persien und verband sich 364 v.Nach der Aufl\u00f6sung des Attischen Seebunds 404 v. Chr. wurde Rhodos wieder vollst\u00e4ndig unabh\u00e4ngig. Es bewahrte im Antalkidasfrieden 387 v. Chr. Chr. mit Theben gegen den Zweiten Attischen Seebund.<\/span><\/p>\n<p><span style=\"color: #000000;\">Nach Alexander dem Gro\u00dfen gewann es seine Unabh\u00e4ngigkeit zur\u00fcck..Im Krieg Makedoniens gegen Griechenland stand es auf Seiten Philipps II.<\/span><\/p>\n<p><span style=\"color: #000000;\">zusammen mit Lykien ihrem Reich an. Chr.Die R\u00f6mer unter Cassius zerst\u00f6rten die Stadt um 42 v. Chr., gliederten sie aber erst 74 n. Dann geh\u00f6rte Rhodos zur Provinz Lycia et Pamphylia; sp\u00e4ter war sie Teil der Provinz &#8220;Insulae&#8221; der Di\u00f6zese IV &#8220;Asiana&#8221; des Ostens.<\/span><\/p>\n<p><span style=\"color: #000000;\">Mit dem Vierten Kreuzzug 1204 fiel die Insel an Venedig, und sp\u00e4ter wieder an Byzanz, das im B\u00fcndnis mit Genua stand.Mit der Teilung des R\u00f6mischen Reichs wurde Rhodos Teil des Ostr\u00f6mischen oder sp\u00e4ter byzantinischen Reichs, zweimal kurzzeitig unterbrochen durch arabische Eroberung. 1097 schlie\u00dflich wurde die Insel w\u00e4hrend des ersten Kreuzzuges 1096 &#8211; 1099 durch die Kreuzritter erobert.<\/span><\/p>\n<p><span style=\"color: #000000;\">die Ritter Stra\u00dfe in Altstadt<\/span><\/p>\n<p><span style=\"color: #000000;\">Sie verteidigten sie gegen diverse Angriffe unter anderem der \u00c4gypter unter Dschakmak, bis die Festung von den T\u00fcrken unter Suleiman dem Pr\u00e4chtigen im Jahre 1522 bei der Belagerung von Rhodos, nach mehreren Monaten sturmreif geschossen wurde, woraufhin die Ritter kapitulierten und zu Neujahr 1523 die Insel verlie\u00dfen.1306 verkauften die Genuesen die Insel an die Ritter des Ordens Sankt Johannis. Die Johanniter mussten die Insel, unter ihrem damaligen Gro\u00dfmeister Fulko de Villaret allerdings erst noch erobern 1309, um sie dann \u00fcber 200 Jahre lang zu beherrschen.<\/span><\/p>\n<p><span style=\"color: #000000;\">Die T\u00fcrkenherrschaft dauerte bis zum Mai des Jahres 1912, als Italien w\u00e4hrend des Tripoliskrieges Rhodos sowie andere Teile des Dodekanes besetzte.<\/span><\/p>\n<p><span style=\"color: #000000;\">Seit der italienischen Besatzungszeit 1912 bis ca. 1943 wird die Hafeneinfahrt von den Statuen eines Hirsches und einer Hirschkuh begrenzt, die als neues Wahrzeichen von Rhodos gelten und der Legende nach dort stehen, wo sich im Altertum die Sockel des Koloss von Rhodos befanden.<\/span><\/p>\n<p><span style=\"color: #000000;\">Rhodos &#8211; genauso wie weite andere Teile der Inselgruppe Dodekanes &#8211; kam erst sehr sp\u00e4t, n\u00e4mlich 1947, zum K\u00f6nigreich Griechenland.<\/span><\/p>\n","protected":false},"excerpt":{"rendered":"<p>Nachdem die Dorer sich auf Rhodos niederlie\u00dfen. Der &#8220;Aufstieg&#8221; der Insel begann ab dem 11. die Ach\u00e4er. Jh. kamen die Minoer, im 15. Im 16. Chr.Rhodos ist bereits seit dem Neolithikum besiedelt. Bedeutendere Ansiedlungen entstanden w\u00e4hrend der fr\u00fchen Bronzezeit (ca. 2800 &#8211; 2000 v.). Jahrhundert v. Chr. v. Chr. Jh. v. Chr. Von diesen wurden&hellip;<\/p>\n","protected":false},"author":5,"featured_media":0,"parent":0,"menu_order":0,"comment_status":"closed","ping_status":"closed","template":"","meta":{"footnotes":""},"class_list":["post-233","page","type-page","status-publish","hentry"],"translation":{"provider":"WPGlobus","version":"3.0.0","language":"de","enabled_languages":["nl","fi","de","gb"],"languages":{"nl":{"title":true,"content":true,"excerpt":false},"fi":{"title":true,"content":true,"excerpt":false},"de":{"title":true,"content":true,"excerpt":false},"gb":{"title":false,"content":false,"excerpt":false}}},"aioseo_notices":[],"_links":{"self":[{"href":"https:\/\/rhodosinfo.eu\/de\/wp-json\/wp\/v2\/pages\/233","targetHints":{"allow":["GET"]}}],"collection":[{"href":"https:\/\/rhodosinfo.eu\/de\/wp-json\/wp\/v2\/pages"}],"about":[{"href":"https:\/\/rhodosinfo.eu\/de\/wp-json\/wp\/v2\/types\/page"}],"author":[{"embeddable":true,"href":"https:\/\/rhodosinfo.eu\/de\/wp-json\/wp\/v2\/users\/5"}],"replies":[{"embeddable":true,"href":"https:\/\/rhodosinfo.eu\/de\/wp-json\/wp\/v2\/comments?post=233"}],"version-history":[{"count":15,"href":"https:\/\/rhodosinfo.eu\/de\/wp-json\/wp\/v2\/pages\/233\/revisions"}],"predecessor-version":[{"id":1395,"href":"https:\/\/rhodosinfo.eu\/de\/wp-json\/wp\/v2\/pages\/233\/revisions\/1395"}],"wp:attachment":[{"href":"https:\/\/rhodosinfo.eu\/de\/wp-json\/wp\/v2\/media?parent=233"}],"curies":[{"name":"wp","href":"https:\/\/api.w.org\/{rel}","templated":true}]}}