{"id":5052,"date":"2021-10-11T14:07:10","date_gmt":"2021-10-11T11:07:10","guid":{"rendered":"https:\/\/rhodosinfo.eu\/home\/"},"modified":"2024-10-13T20:07:59","modified_gmt":"2024-10-13T17:07:59","slug":"home","status":"publish","type":"page","link":"https:\/\/rhodosinfo.eu\/de\/","title":{"rendered":"Heim"},"content":{"rendered":"<p><span style=\"color: #000000;\">Allgemein: Rhodos ist die viertgr\u00f6\u00dfte Insel Griechenlands und liegt im s\u00fcd\u00f6stlichen Europa nahe an der T\u00fcrkei. Sie hat eine Gr\u00f6sse von 1.390 Quadratkilometern und geh\u00f6rt zu den Dodecanes-Inseln (zu Deutsch: Zw\u00f6lf Inseln). Der l\u00e4ngste Punkt der Insel betr\u00e4gt 77 km und ihr breitester Punkt betr\u00e4gt 37 km. 110.000 Menschen bewohnen Rhodos das ganze Jahr, und im Sommer und an den Feiertagen sind es noch viel mehr.<\/span><\/p>\n<p><span style=\"color: #000000;\">Rhodos ist reich an Geschichte und deren Zeugen. Zu besichtigen sind altgriechische Tempel (Akropolis Rhodos und Lindos), Ausgrabungen und eine sehr gut erhaltene, mittelalterliche Burganlage der Kreuzritter aus dieser Zeit in Rhodos-Stadt.<\/span><\/p>\n<p><span style=\"color: #000000;\">Die Insel ist zum Teil gebirgig mit den Bergen Akramytis (823m) s\u00fcdwestlich, Atavyros (1.215m) in der Mitte und Profitis Illias (800m) n\u00f6rdlich gelegen. Das Flachland und die Hochebenen sind sehr fruchtbar. Von hier wird die gesamte Insel mit Gem\u00fcse und Fr\u00fcchten versorgt. Die K\u00fcste verf\u00fcgt \u00fcber Sand- und Steinstr\u00e4nde, wo man herrlich baden und sich sonnen kann. Es gibt Str\u00e4nde mit zahlreichen Freizeitaktivit\u00e4ten, genauso wie noch naturbelassene, fast einsame Str\u00e4nde. An vielen Str\u00e4nden befinden sich blaue Flaggen, den Auszeichnungen f\u00fcr besonders saubere Str\u00e4nde!<\/span><\/p>\n<p><span style=\"color: #000000;\">Rhodos hat ein Mittelmeerklima mit einer durchschnittlichen Temperatur von 19 Grad. Die Winter sind mild, und die Sommer sind auf Rhodos weniger heiss als auf dem \u00fcbrigen Festland oder anderen Inseln. Daf\u00fcr sorgt ein nord\u00f6stlicher Wind. Die Anzahl der Sonnentage ganzj\u00e4hrlich betr\u00e4gt rund 260, daher auch der Name &#8220;Sonneninsel&#8221; (Helios ist der Sonnengott der Insel). Im Fr\u00fchling (April\/Mai) liegt die Temperatur meistens noch bei ca. 20 Grad (kann aber auch schon einmal dar\u00fcber liegen) und die Wassertemperatur bei ca. 18 Grad. In dieser Zeit ist ein Regenbogen nur sporadisch zu bewundern, daf\u00fcr hat die Insel aber eine fantastische Gr\u00fcnlandschaft, die durch ihre tolle Blumenpracht bezaubert (siehe webcam). Die Tagestemperaturen im Sommer (Juli\/August) steigen meistens \u00fcber 30 Grad und die Wassertemperatur betr\u00e4gt ca. 26 Grad. Die Abende sind warm und man kann ein Mondscheinbad im Meer genie\u00dfen wie auch Strandparties, Essen unter freiem Himmel oder Konzerte mit griechischer Musik Im Herbst bleibt es bis zum Oktober noch angenehm mild, sodass einem Strandtag nichts im Wege steht.<\/span><\/p>\n<p><span style=\"color: #000000;\">Unterkunft: Vom 5 Sterne-Hotel, all-inklusive Hotels bis kleine privat gef\u00fchrte Hotels und Unterk\u00fcnfte, Ferienh\u00e4user (teil traditionell in den D\u00f6rfern) gibt es alles.<\/span><\/p>\n<p><span style=\"color: #000000;\">Freizeitaktivit\u00e4ten:<\/span><br \/>\n<span style=\"color: #000000;\"> Rhodos bietet f\u00fcr jeden etwas&#8230;Surfen, Kiting, Relaxen, Bootstouren mit und ohne Kapit\u00e4n, Angeltouren, Tauchen, Segeln, Mountainbiking, Jeeptouren, Ruhe und Entspannung in Spas, Yoga, Strandleben, Arch\u00e4ologie, Museumsbesuche, Nachtleben, Party, Casino, Wasserpark, Yachthafen, Minigolf, Golf, Bungeejumping, Tennis, Horseriding am Strand, d\u00f6rfliches Leben mit traditionellen Festen und vieles mehr&#8230;<\/span><br \/>\n<span style=\"color: #000000;\"> Wegen des konstanten Westwindes (&#8220;Meltemi&#8221;) ist die Westk\u00fcste etwas k\u00fchler und eignet sich sehr zum Windsurfen und Kiten und f\u00fcr diejenigen, die die Hitze nicht so gut ertragen im Sommer. F\u00fcr Wanderer sind Fr\u00fchling und Herbst sehr zu empfehlen.<\/span><\/p>\n<p><span style=\"color: #000000;\">F\u00fcr diejenigen, die Nachtleben bevorzugen, hat die Insel in Faliraki und Rhodos-Stadt (ein abendlicher Bummel durch die Altstadt ist zu empfehlen) einiges zu bieten. Etwas ruhiger ist es in Trianda, Ialysos und Kolymbia, aber selbst da kommt jeder auf seine Kosten von griechischer Musik bis Rock\/Pop. Wer es ganz urspr\u00fcnglich sucht, der f\u00e4hrt in den S\u00fcden der Insel (Fahrt Tabelle pdf)<\/span><\/p>\n<p><span style=\"color: #000000;\">W\u00e4hrung: Euro<\/span><br \/>\n<span style=\"color: #000000;\"> Banken und Geldautomaten (mit der E-Card\/Mastercard bis 500 Euro t\u00e4glich verf\u00fcgbar) sind ausreichend vorhanden. Die meisten Gesch\u00e4fte akzeptieren internationale Kreditkarten.<\/span><\/p>\n<p><span style=\"color: #000000;\">Zeitunterschied zu Deutschland: 1 Stunde plus<\/span><\/p>\n<p><span style=\"color: #000000;\">Elektrizit\u00e4t: 220 Volt<\/span><\/p>\n<p><span style=\"color: #000000;\">\u00d6ffnungszeiten von Banken und Post: Montag bis Freitag 8:00 bis 14:00 Uhr<\/span><\/p>\n<p><span style=\"color: #000000;\">Telefon Festnetz: Internationale Vorwahl von GR nach D: 0049, Ortsvorwahl ohne Null, gew\u00fcnschte Nummer w\u00e4hlen<\/span><br \/>\n<span style=\"color: #000000;\"> Internationale Vorwahl von D nach GR: 0030, f\u00fcr Rhodos 22410, dann die Telefonnummer (in einigen F\u00e4llen kann die Ortsvorwahlnummer abweichen!)<\/span><\/p>\n<p><span style=\"color: #000000;\">Telefon Handy: Entnehmen Sie bitte Ihrem Anbieter. Die Roamingkosten varriieren!<\/span><\/p>\n<p><span style=\"color: #000000;\">WIFI und Internet: Hotels und fast alle Pensionen verf\u00fcgen \u00fcber Internet bzw. WIFI. Auf der ganzen Insel gibt es \u00fcberall Internetcafes und auch Lokale\/Cafes\/Restaurants mit WIFI<\/span><\/p>\n<p><span style=\"color: #000000;\">\u00d6ffentlicher Verkehr auf der Insel: Es gibt eine recht gute Busverbindung auf der Insel. Der Fahrplan ist am besten zu erfahren \u00fcber die Hotelrezeption oder den Pensionsvermietern. In den touristischen Gegenden gibt es eine sehr gute Anbindung. Die Hauptstation befindet sich in Rhodos-Stadt am Mandraki Hafen. Von dort aus gehen die meisten Busverbindungen. Tickets f\u00fcr die Stadtbusse sind an jedem Kiosk erh\u00e4ltlich, bei \u00dcberland auch im Bus.<\/span><\/p>\n<p><span style=\"color: #000000;\">Verkehr: F\u00fcr die selbstst\u00e4ndige Erkundung der Insel ist der Gebrauch eines Mietwagens, Motorrades oder Motorrollers empfehlenswert. Entsprechende Vermietungen gibt es ausreichend auf der Insel, in der Regel schon ab Flughafen mit Abholservice. F\u00fcr die Hochsaison ist ein fr\u00fchzeitiges Buchen zu empfehlen. Die meisten Vermietungen sind per Internet zu erreichen.<\/span><\/p>\n<p><span style=\"color: #000000;\">Einige Hinweise f\u00fcr den Verkehr auf Rhodos: Die Verkehrsregeln werden hier gerne ignoriert. Deshalb stellen sie sich auf unerwartete Situationen ein. Defensives und freundliches Vorfahrtgew\u00e4hren sind angebracht. Ein L\u00e4cheln auf den Lippen erzeugt eine entspannte Atmosph\u00e4re im Strassenverkehr, besonders w\u00e4hrend der Hochsaison. Sollte es mal regnen, bitte auf Gl\u00e4tte und Rutschgefahr durch den Asphalt und Staub einstellen! Anschnallen und Motorradhelm sind Pflicht. G\u00fcltig ist der deutsche F\u00fchrerschein. Maximale Geschwindigkeit ausserhalb der Ortschaften ist auf 80 km\/h begrenzt, innerhalb der Ortschaften max. 50 km\/h. Es gibt auch 30 km\/h Zonen! Die Promillegrenze betr\u00e4gt 0,5 Promille im Blut.<\/span><\/p>\n<p><span style=\"color: #0000ff;\"><strong><a style=\"color: #0000ff;\" href=\"http:\/\/www.rhodos-info.de\" target=\"_blank\" rel=\"noopener noreferrer\">unser Partner rhodo-info.de<\/a><\/strong><\/span><\/p>\n<p><script async=\"\" src=\"\/\/pagead2.googlesyndication.com\/pagead\/js\/adsbygoogle.js\"><\/script><br \/>\n<!-- mobiel 2 --><br \/>\n<ins class=\"adsbygoogle\" style=\"display: block;\" data-ad-client=\"ca-pub-3888415975754403\" data-ad-slot=\"6271830326\" data-ad-format=\"auto\"><\/ins><br \/>\n<script><br \/>\n(adsbygoogle = window.adsbygoogle || []).push({});<br \/>\n<\/script><\/p>\n","protected":false},"excerpt":{"rendered":"<p>Allgemein: Rhodos ist die viertgr\u00f6\u00dfte Insel Griechenlands und liegt im s\u00fcd\u00f6stlichen Europa nahe an der T\u00fcrkei. Sie hat eine Gr\u00f6sse von 1.390 Quadratkilometern und geh\u00f6rt zu den Dodecanes-Inseln (zu Deutsch: Zw\u00f6lf Inseln). Der l\u00e4ngste Punkt der Insel betr\u00e4gt 77 km und ihr breitester Punkt betr\u00e4gt 37 km. 110.000 Menschen bewohnen Rhodos das ganze Jahr, und&hellip;<\/p>\n","protected":false},"author":5,"featured_media":0,"parent":0,"menu_order":0,"comment_status":"closed","ping_status":"closed","template":"home-template.php","meta":{"footnotes":""},"class_list":["post-5052","page","type-page","status-publish","hentry"],"translation":{"provider":"WPGlobus","version":"3.0.0","language":"de","enabled_languages":["nl","fi","de","gb"],"languages":{"nl":{"title":true,"content":true,"excerpt":false},"fi":{"title":true,"content":true,"excerpt":false},"de":{"title":true,"content":true,"excerpt":false},"gb":{"title":true,"content":true,"excerpt":false}}},"aioseo_notices":[],"_links":{"self":[{"href":"https:\/\/rhodosinfo.eu\/de\/wp-json\/wp\/v2\/pages\/5052","targetHints":{"allow":["GET"]}}],"collection":[{"href":"https:\/\/rhodosinfo.eu\/de\/wp-json\/wp\/v2\/pages"}],"about":[{"href":"https:\/\/rhodosinfo.eu\/de\/wp-json\/wp\/v2\/types\/page"}],"author":[{"embeddable":true,"href":"https:\/\/rhodosinfo.eu\/de\/wp-json\/wp\/v2\/users\/5"}],"replies":[{"embeddable":true,"href":"https:\/\/rhodosinfo.eu\/de\/wp-json\/wp\/v2\/comments?post=5052"}],"version-history":[{"count":7,"href":"https:\/\/rhodosinfo.eu\/de\/wp-json\/wp\/v2\/pages\/5052\/revisions"}],"predecessor-version":[{"id":5209,"href":"https:\/\/rhodosinfo.eu\/de\/wp-json\/wp\/v2\/pages\/5052\/revisions\/5209"}],"wp:attachment":[{"href":"https:\/\/rhodosinfo.eu\/de\/wp-json\/wp\/v2\/media?parent=5052"}],"curies":[{"name":"wp","href":"https:\/\/api.w.org\/{rel}","templated":true}]}}