{"id":55,"date":"2017-01-30T13:21:25","date_gmt":"2017-01-30T12:21:25","guid":{"rendered":"http:\/\/www.rhodosinfo.com\/?page_id=55"},"modified":"2023-04-16T12:43:31","modified_gmt":"2023-04-16T09:43:31","slug":"activiteiten","status":"publish","type":"page","link":"https:\/\/rhodosinfo.eu\/de\/activiteiten\/","title":{"rendered":"Aktivit\u00e4ten"},"content":{"rendered":"<p>Es gibt viele Aktivit\u00e4ten in Rhodos. Fahrradverleih und Touren, Tauchschulen, Fitnessclubs, Aerobic, Bowling, Fu\u00dfball, Tennis, Golf (Afandou), Minigolf, Kasino, Yachthafen, Reiten, Segeln, Windsurfen, Kiten, Wasserski, Jeep-Safaris, Wasserpark , Vergn\u00fcgungsparks und vieles mehr. An den meisten Str\u00e4nden finden Sie die blaue Flagge und Sie wissen was das bedeutet \u2026<\/p>\n<h3 style=\"color: #777777;\"><\/h3>\n<h4 style=\"text-align: center; color: #333333;\">ENTDECKE DIE INSEL MIT BUMPY RHODES SAFARIS.<\/h4>\n<h4 style=\"text-align: center; color: #333333;\"><a href=\"http:\/\/www.bumpy-rhodes.nl\/\" target=\"_blank\" rel=\"noopener\"><br \/>\n<\/a><a href=\"http:\/\/www.bumpy-rhodes.nl\/\" target=\"_blank\" rel=\"noopener\"><img loading=\"lazy\" decoding=\"async\" class=\"aligncenter\" src=\"http:\/\/www.rhodosinfo.com\/Images\/banners\/bumpy.jpg\" alt=\"Activiteiten, Bumpy Rhodes Safari's\" width=\"468\" height=\"464\"><\/a><\/h4>\n<hr>\n<h4 style=\"text-align: center; color: #333333;\">Windsurfen bij Surfline Rhodes<\/h4>\n<p style=\"text-align: center;\">Windsurfen f\u00fcr Anf\u00e4nger und Fortgeschrittene<\/p>\n<p align=\"center\"><a href=\"http:\/\/www.surflinerhodes.gr\/\" target=\"_blank\" rel=\"noopener\"><img loading=\"lazy\" decoding=\"async\" class=\"alignnone\" src=\"http:\/\/www.rhodosinfo.com\/Images\/banners\/surfline.jpg\" alt=\"Activiteiten, Surfline Rhodes Windsurfing\" width=\"468\" height=\"430\"><\/a><\/p>\n<hr>\n<h4 style=\"text-align: center; color: #333333;\">TAUCHEN MIT DEM WASSER HOPPERS<\/h4>\n<p style=\"text-align: center;\">Die einzige 5 Sterne Padi Tauchschule auf der Insel.<\/p>\n<p align=\"center\"><a href=\"http:\/\/www.waterhoppers.com\/\" target=\"_blank\" rel=\"noopener\"><img loading=\"lazy\" decoding=\"async\" class=\"alignnone\" src=\"http:\/\/www.rhodosinfo.com\/Images\/banners\/hoppers.jpg\" alt=\"Activiteiten, The Waterhoppers Diving\" width=\"468\" height=\"420\"><\/a><\/p>\n<hr>\n<h4 style=\"text-align: center; color: #333333;\">Kitesurfen &#8211; Surf Club Ialysos<\/h4>\n<p align=\"center\"><a href=\"http:\/\/kitesurfrhodes.com\/\" target=\"_blank\" rel=\"noopener\"><img loading=\"lazy\" decoding=\"async\" class=\"alignnone\" src=\"http:\/\/www.rhodosinfo.com\/Images\/banners\/panddelban.jpg\" alt=\"Activiteiten, Surf Club Del Zour Ialysos\" &gt;<=\"\" a=\"\" width=\"468\" height=\"351\"><\/a><\/p>\n<p><a href=\"http:\/\/kitesurfrhodes.com\/\" target=\"_blank\" rel=\"noopener\"><\/a><\/p>\n<p><a href=\"http:\/\/kitesurfrhodes.com\/\" target=\"_blank\" rel=\"noopener\"><\/p>\n<hr>\n<h4 style=\"text-align: center; color: #333333;\">Suppen met Paddle Paradise<\/h4>\n<p style=\"text-align: center;\">Weg van de drukte en lekker ontspannen.<\/p>\n<p><\/a><a href=\"http:\/\/kitesurfrhodes.com\/\" target=\"_blank\" rel=\"noopener\"><\/a><\/p>\n<p align=\"center\"><a href=\"http:\/\/kitesurfrhodes.com\/\" target=\"_blank\" rel=\"noopener\"><\/a><a href=\"http:\/\/paddleparadise.gr\/\" target=\"_blank\" rel=\"noopener\"><img loading=\"lazy\" decoding=\"async\" class=\"alignnone\" src=\"http:\/\/www.rhodosinfo.com\/Images\/banners\/paddle2.jpg\" alt=\"Activiteiten, Paddle Paradise Stand Up Paddle Adventures op Rhodos\" &gt;<=\"\" a=\"\" width=\"486\" height=\"430\"><\/a><\/p>\n<p><a href=\"http:\/\/paddleparadise.gr\/\" target=\"_blank\" rel=\"noopener\"><\/p>\n<hr>\n<h4 style=\"text-align: center; color: #333333;\">Jungle Tour mit Nikos<\/h4>\n<p><\/a><\/p>\n<p align=\"center\"><a href=\"http:\/\/paddleparadise.gr\/\" target=\"_blank\" rel=\"noopener\"><\/a><a href=\"https:\/\/www.nikos-papas.nl\/\" target=\"_blank\" rel=\"noopener\"><img loading=\"lazy\" decoding=\"async\" class=\"alignnone\" src=\"http:\/\/www.rhodosinfo.com\/Images\/banners\/jungle.jpg\" alt=\"Activiteiten, Jungle Tour with Nikos\" width=\"468\" height=\"145\"><\/a><\/p>\n<hr>\n<p align=\"center\"><script src=\"\/\/pagead2.googlesyndication.com\/pagead\/js\/adsbygoogle.js\" async=\"\"><\/script>&#8220;&gt;<\/p>\n","protected":false},"excerpt":{"rendered":"<p>Es gibt viele Aktivit\u00e4ten in Rhodos. Fahrradverleih und Touren, Tauchschulen, Fitnessclubs, Aerobic, Bowling, Fu\u00dfball, Tennis, Golf (Afandou), Minigolf, Kasino, Yachthafen, Reiten, Segeln, Windsurfen, Kiten, Wasserski, Jeep-Safaris, Wasserpark , Vergn\u00fcgungsparks und vieles mehr. An den meisten Str\u00e4nden finden Sie die blaue Flagge und Sie wissen was das bedeutet \u2026 ENTDECKE DIE INSEL MIT BUMPY RHODES SAFARIS.&hellip;<\/p>\n","protected":false},"author":5,"featured_media":0,"parent":0,"menu_order":0,"comment_status":"closed","ping_status":"closed","template":"","meta":{"footnotes":""},"class_list":["post-55","page","type-page","status-publish","hentry"],"translation":{"provider":"WPGlobus","version":"3.0.0","language":"de","enabled_languages":["nl","fi","de","gb"],"languages":{"nl":{"title":true,"content":true,"excerpt":false},"fi":{"title":true,"content":true,"excerpt":false},"de":{"title":true,"content":true,"excerpt":false},"gb":{"title":false,"content":true,"excerpt":false}}},"aioseo_notices":[],"_links":{"self":[{"href":"https:\/\/rhodosinfo.eu\/de\/wp-json\/wp\/v2\/pages\/55","targetHints":{"allow":["GET"]}}],"collection":[{"href":"https:\/\/rhodosinfo.eu\/de\/wp-json\/wp\/v2\/pages"}],"about":[{"href":"https:\/\/rhodosinfo.eu\/de\/wp-json\/wp\/v2\/types\/page"}],"author":[{"embeddable":true,"href":"https:\/\/rhodosinfo.eu\/de\/wp-json\/wp\/v2\/users\/5"}],"replies":[{"embeddable":true,"href":"https:\/\/rhodosinfo.eu\/de\/wp-json\/wp\/v2\/comments?post=55"}],"version-history":[{"count":55,"href":"https:\/\/rhodosinfo.eu\/de\/wp-json\/wp\/v2\/pages\/55\/revisions"}],"predecessor-version":[{"id":5208,"href":"https:\/\/rhodosinfo.eu\/de\/wp-json\/wp\/v2\/pages\/55\/revisions\/5208"}],"wp:attachment":[{"href":"https:\/\/rhodosinfo.eu\/de\/wp-json\/wp\/v2\/media?parent=55"}],"curies":[{"name":"wp","href":"https:\/\/api.w.org\/{rel}","templated":true}]}}