{"id":555,"date":"2017-02-13T17:21:40","date_gmt":"2017-02-13T16:21:40","guid":{"rendered":"http:\/\/www.rhodosinfo.com\/?page_id=555"},"modified":"2023-03-21T20:50:17","modified_gmt":"2023-03-21T18:50:17","slug":"rhodos-stad-oude-en-nieuwe","status":"publish","type":"page","link":"https:\/\/rhodosinfo.eu\/de\/rhodos-stad-oude-en-nieuwe\/","title":{"rendered":"Alt und Neustadt"},"content":{"rendered":"<div><span style=\"color: #000000;\">Rhodos &#8211; Altstadt \/ Neustadt<\/span><\/div>\n<div><span style=\"color: #000000;\">&nbsp;<\/span><\/div>\n<div><span style=\"color: #000000;\">Rhodos-Stadt ist der Hauptort und eine der wichtigsten Touristenattraktionen auf der gleichnamigen Insel. Ein Besuch lohnt sich zweifellos nicht alleine wegen des kilometerlangen Sandstrandes, den vielf\u00e4ltigen Einkaufsgelegenheiten, des Mandraki-Hafens mit zahlreichen M\u00f6glichkeiten zu Bootsausfl\u00fcgen und des attraktiven Nachtlebens. Vielmehr bietet die Stadt viele interessante Sehensw\u00fcrdigkeiten aus l\u00e4ngst vergangenen Zeiten.<\/span><\/div>\n<div><span style=\"color: #000000;\">&nbsp;<\/span><\/div>\n<div><span style=\"color: #000000;\">&nbsp;Rhodos Stadt kann in 3 Teile unterteilt werden:<\/span><\/div>\n<div><span style=\"color: #000000;\">&nbsp;<\/span><\/div>\n<div><span style=\"color: #000000;\">&nbsp;&#8211; &nbsp; der mittelalterliche Teil<\/span><\/div>\n<div><span style=\"color: #000000;\">&nbsp;&#8211; &nbsp; der moderne Teil<\/span><\/div>\n<div><span style=\"color: #000000;\">&nbsp;&#8211;&nbsp;&nbsp; der antike Teil<\/span><\/div>\n<div><span style=\"color: #000000;\">&nbsp;<\/span><\/div>\n<div><span style=\"color: #000000;\">Der mittelalterliche Teil<\/span><\/div>\n<div><span style=\"color: #000000;\">&nbsp;<\/span><\/div>\n<div><span style=\"color: #000000;\">Rhodos- Stadt ist eine der am besten erhaltenen, mittelalterlichen, befestigten St\u00e4dte auf der Liste der UNESCO und mehr als wert, entdeckt zu werden. Wenn Sie durch die engen Gassen mit dem Kopfsteinpflaster gehen, k\u00f6nnen Sie die imposanten Rittergeb\u00e4ude, die W\u00e4lle, den Graben, die byzantinischen Kirchen und die Minarette bewundern. Zweifellos hat man das Gef\u00fchl, dass hier die Zeit stehengeblieben zu sein scheint mit einer insgesamt sehr entspannten Athmosph\u00e4re. W\u00e4hrend der Hauptsaison in den Sommermonaten herrscht hier buntes Treiben mit Bazar-Charakter!<\/span><\/div>\n<div><span style=\"color: #000000;\">&nbsp;<\/span><\/div>\n<div><span style=\"color: #000000;\">Innerhalb der Mauern der Festung finden Sie auch den Palast der Gro\u00dfmeister aus dem 14. Jahrhundert. Die W\u00e4nde sind aus beigem Sandstein und stammen aus Archangelos, einem kleinen Dorf an der Ostk\u00fcste der Insel.<\/span><\/div>\n<div><span style=\"color: #000000;\">Der Palast besteht aus 205 beeindruckenden Zimmern und Lounges und beherbergt eine einzigartige Sammlung von M\u00f6beln aus dem 16. und 17. Jahrhundert, zahlreiche altgr. Statuen und eine umfangreiche antike Keramikausstellung.<\/span><\/div>\n<div><span style=\"color: #000000;\">&nbsp;<\/span><\/div>\n<div><span style=\"color: #000000;\">Einen Besuch wert ist auch das Melina-Merkouri-Theater, das sich am Wassergraben der mittelalterlichen Stadt befindet. Hier werden den ganzen Sommer hindurch Konzerte, Theater- und Tanzauff\u00fchrungen mit der wundersch\u00f6nen Kulisse der Bastionen der Festungsmauer im Hintergrund organisiert. Unbedingt besuchen sollten sie das Arch\u00e4ologische Museum, das in einem Geb\u00e4ude untergebracht ist, das auch das gotische Krankenhaus der Johanniter war. Hier finden Sie bedeutende Mosaiken, Statuen und und wichtige keramische Werke aus der Antike.<\/span><\/div>\n<div><span style=\"color: #000000;\">&nbsp;<\/span><\/div>\n<div><span style=\"color: #000000;\">Bewundern Sie die verschiedenen Moscheen, die w\u00e4hrend der T\u00fcrkenherrschaft erbaut wurden und entdecken Sie die Herbergen der Kreuzfahrer, die sich an der ber\u00fchmten Ritterstra\u00dfe befinden.<\/span><\/div>\n<div><span style=\"color: #000000;\">&nbsp;<\/span><\/div>\n<div><span style=\"color: #000000;\">Das gesch\u00e4ftige Zentrum der mittelalterlichen Stadt ist der Hippokratusplatz. Hier befindet sich die Sokratesstra\u00dfe, das Einkaufszentrum der Altstadt, das zum Bummeln in den zahlreichen Gesch\u00e4ften mit u. a. traditionellen Produkten (Lederwaren, Schmuck, Teppiche, Keramik) einl\u00e4dt. Genie\u00dfen Sie hier rund um den Platz und in den zahlreichen Nebenstra\u00dfen die Vielfalt kulinarischer Gen\u00fcsse des Landes in historischer Kulisse. Zu sp\u00e4ter Stunde laden zahlreiche Bars zu einem imposanten Nachtleben ein.<\/span><\/div>\n<div><span style=\"color: #000000;\">&nbsp;<\/span><\/div>\n<div><span style=\"color: #000000;\">Zur Erkundung der Altstadt empfiehlt sich auf jeden Fall eine Tour mit einem Guide.<\/span><\/div>\n<div><span style=\"color: #000000;\">&nbsp;<\/span><\/div>\n<div><span style=\"color: #000000;\">Der moderne Teil &#8211; Neustadt<\/span><\/div>\n<div><span style=\"color: #000000;\">&nbsp;<\/span><\/div>\n<div><span style=\"color: #000000;\">Die meisten touristischen Einrichtungen und Unterhaltungsm\u00f6glichkeiten befinden sich im modernen Teil der Stadt, genannt &#8220;die hundert Gesch\u00e4fte&#8221;! Hier finden Sie Einkaufsm\u00f6glichkeiten jeglicher Art und f\u00fcr jeden Geldbeutel. Fr\u00f6nen Sie der landes\u00fcblichen &#8220;Kaffekultur&#8221; in den Caf\u00e9s entweder mit Meerblick oder in den gesch\u00e4ftigen Stra\u00dfen. Leute, die das Nachtleben lieben, finden hier die unterschiedlichsten Unterhaltungsm\u00f6glichkeiten je nach Alter und Geschmack (Bars, Discos, Live-Musik von Rock\/Pop bis gr. Musik etc.).<\/span><\/div>\n<div><span style=\"color: #000000;\">&nbsp;<\/span><\/div>\n<div><span style=\"color: #000000;\">Empfehlenswert ist auch ein Besuch des Mandraki-Hafens. Mandraki war einer der 5 H\u00e4fen, die in alten Zeiten auf Rhodos existierten. Heutzutage fahren hier die Tagesboote zu den unterschiedlichen Buchten der Insel (Kalithea, Anthony Quinn, Ladiko), wichtigen touristischen Orten (Faliraki, Lindos) und den Nachbarinseln Symi und Halki ab. Segel-, Tauch und Motorbootausfl\u00fcge kann man von hier aus ebenfalls unternehmen.<\/span><\/div>\n<div><span style=\"color: #000000;\">Neben dem Hafen liegen die drei byzantinischen Steinm\u00fchlen sowie die beiden S\u00e4ulen am Kopf des Hafens mit den Bildern von einem Hirsch und einer Hirschkuh (dem Symbol der Insel). Hier, wo sich die S\u00e4ulen befinden, soll einmal der riesige Koloss von Rhodos gestanden haben.<\/span><\/div>\n<div><span style=\"color: #000000;\">&nbsp;<\/span><\/div>\n<div><span style=\"color: #000000;\">Am Mandraki befindet sich der Nea Agora, ein kleines touristisches Einkaufszentrum mit der M\u00f6glichkeit, einen kleinen Imbiss, wie einer guten Gyros-Pita oder Souvlakia oder Lamm-Kotletts zu sich zu nehmen.<\/span><\/div>\n<div><span style=\"color: #000000;\">&nbsp;<\/span><\/div>\n<div><span style=\"color: #000000;\">Die alte antike Stadt<\/span><\/div>\n<div><span style=\"color: #000000;\">&nbsp;<\/span><\/div>\n<div><span style=\"color: #000000;\">Der antike Teil befindet sich auf dem H\u00fcgel Agios Stefanos (auch &#8220;Monte Smith&#8221; genannt). Hier befindet sich ein noch sehr gut erhaltenes Stadion aus der hellenistischen Zeit (3. Jahrhundert v. Chr.), in dem die Leichtathletik-Wettk\u00e4mpfe von Alia, dem gr\u00f6\u00dften Ereignis des alten Rhodos, zu Ehren des Sonnengottes Helios ausgetragen wurden. Neben dem Stadion liegt ein kleines, restauriertes Theater, in dem &#8211;&nbsp; wie in alten Zeiten &#8211; Konzerte jeglicher Art stattfinden. Auf der Spitze des H\u00fcgels steht der Tempel des Apollo, der Schutzpatron der Stadt. Von dort hat man einen sch\u00f6nen Blick auf die Stadt und das Meer und abends garantiert einen berauschenden Sonnenuntergang!<\/span><\/div>\n<div><\/div>\n<p>&nbsp;<\/p>\n<div><span style=\"color: #0000ff;\"><strong><a style=\"color: #0000ff;\" href=\"http:\/\/www.rhodos-info.de\" target=\"_blank\" rel=\"noopener\">unser Partner rhodo-info.de<\/a><\/strong><\/span><\/div>\n<div><\/div>\n<p><script async=\"\" src=\"\/\/pagead2.googlesyndication.com\/pagead\/js\/adsbygoogle.js\"><\/script><br \/>\n<!-- mobiel 2 --><br \/>\n<ins class=\"adsbygoogle\" style=\"display: block;\" data-ad-client=\"ca-pub-3888415975754403\" data-ad-slot=\"6271830326\" data-ad-format=\"auto\"><\/ins><br \/>\n<script><br \/>\n(adsbygoogle = window.adsbygoogle || []).push({});<br \/>\n<\/script><\/p>\n","protected":false},"excerpt":{"rendered":"<p>Rhodos &#8211; Altstadt \/ Neustadt &nbsp; Rhodos-Stadt ist der Hauptort und eine der wichtigsten Touristenattraktionen auf der gleichnamigen Insel. Ein Besuch lohnt sich zweifellos nicht alleine wegen des kilometerlangen Sandstrandes, den vielf\u00e4ltigen Einkaufsgelegenheiten, des Mandraki-Hafens mit zahlreichen M\u00f6glichkeiten zu Bootsausfl\u00fcgen und des attraktiven Nachtlebens. Vielmehr bietet die Stadt viele interessante Sehensw\u00fcrdigkeiten aus l\u00e4ngst vergangenen Zeiten.&hellip;<\/p>\n","protected":false},"author":5,"featured_media":0,"parent":0,"menu_order":0,"comment_status":"closed","ping_status":"closed","template":"","meta":{"footnotes":""},"class_list":["post-555","page","type-page","status-publish","hentry"],"translation":{"provider":"WPGlobus","version":"3.0.0","language":"de","enabled_languages":["nl","fi","de","gb"],"languages":{"nl":{"title":true,"content":true,"excerpt":false},"fi":{"title":true,"content":true,"excerpt":false},"de":{"title":true,"content":true,"excerpt":false},"gb":{"title":true,"content":true,"excerpt":false}}},"aioseo_notices":[],"_links":{"self":[{"href":"https:\/\/rhodosinfo.eu\/de\/wp-json\/wp\/v2\/pages\/555","targetHints":{"allow":["GET"]}}],"collection":[{"href":"https:\/\/rhodosinfo.eu\/de\/wp-json\/wp\/v2\/pages"}],"about":[{"href":"https:\/\/rhodosinfo.eu\/de\/wp-json\/wp\/v2\/types\/page"}],"author":[{"embeddable":true,"href":"https:\/\/rhodosinfo.eu\/de\/wp-json\/wp\/v2\/users\/5"}],"replies":[{"embeddable":true,"href":"https:\/\/rhodosinfo.eu\/de\/wp-json\/wp\/v2\/comments?post=555"}],"version-history":[{"count":61,"href":"https:\/\/rhodosinfo.eu\/de\/wp-json\/wp\/v2\/pages\/555\/revisions"}],"predecessor-version":[{"id":5158,"href":"https:\/\/rhodosinfo.eu\/de\/wp-json\/wp\/v2\/pages\/555\/revisions\/5158"}],"wp:attachment":[{"href":"https:\/\/rhodosinfo.eu\/de\/wp-json\/wp\/v2\/media?parent=555"}],"curies":[{"name":"wp","href":"https:\/\/api.w.org\/{rel}","templated":true}]}}