{"id":72,"date":"2017-01-30T13:34:16","date_gmt":"2017-01-30T12:34:16","guid":{"rendered":"http:\/\/www.rhodosinfo.com\/?page_id=72"},"modified":"2023-03-21T21:06:03","modified_gmt":"2023-03-21T19:06:03","slug":"gezond-op-reis","status":"publish","type":"page","link":"https:\/\/rhodosinfo.eu\/de\/gezond-op-reis\/","title":{"rendered":"Krankheit w\u00e4hrend der Reise"},"content":{"rendered":"<p><span style=\"color: #000000;\">Bleib gesund!!<\/span><\/p>\n<p><span style=\"color: #000000;\"><strong>Die medizinische Versorgung auf der Insel ist ausreichend gew\u00e4hrleistet.<\/strong><\/span><\/p>\n<p><span style=\"color: #000000;\">Bei kleinen Unannehmlichkeiten gibt es kompetenten Rat und Hilfe in den Apotheken (Pharmakeio). Die meisten Apotheker sprechen Englisch und viele auch Deutsch, einige haben ein Medizinstudium absolviert.<\/span><\/p>\n<p><span style=\"color: #000000;\">Sollte es sich um ein gr\u00f6\u00dferes Problem oder einen Notfall handeln, helfen Hotelrezeption, Reiseleitung oder Pensionswirte vor Ort. Im Notfall steht immer ein Arzt zur Verf\u00fcgung. Das Spektrum an kompetenten Fach\u00e4rzten ist auf Rhodos vielf\u00e4ltig.<\/span><\/p>\n<p><span style=\"color: #000000;\"><strong>Wichtige Adressen f\u00fcr die medizinische Versorgung:<\/strong><\/span><\/p>\n<p><span style=\"color: #000000;\">Krito Medical Care in Rhodos-Stadt<\/span><\/p>\n<p><span style=\"color: #000000;\">24 Std. Service t\u00e4glich unter der Service Tel. Nr. 0030-22410-38008<\/span><\/p>\n<p><span style=\"color: #000000;\">Private ambulante Poliklinik mit mehrj\u00e4hriger Erfahrung im Tourismus. Es stehen mehrsprachige \u00c4rzte und Personal der unterschiedlichsten Fachgebiete (Allgemeinmedizin, Orthop\u00e4die, P\u00e4diatrie, Gyn\u00e4kologie, Dentologie, Mikrobiologie mit s\u00e4mtl. Labortests wie X-ray, Scan, MRT etc.) zur Verf\u00fcgung.<\/span><\/p>\n<p><span style=\"color: #000000;\">Das allgemeine staatliche Krankenhaus &#8220;Andreas Papandreou&#8221; in &#8216;Rhodos-Stadt.<\/span><\/p>\n<p><span style=\"color: #000000;\">Tel. Nr. 0030-22410-8000 oder 0030-22413-60000<\/span><\/p>\n<p><span style=\"color: #000000;\">Das Krankenhaus verf\u00fcgt \u00fcber eine sehr gute Notfallambulanz mit kompetenten Fach\u00e4rzten. Wartezeiten in der Hochsaison m\u00fcssen in Kauf genommen werden. Standards deutscher Krankenh\u00e4user sollten nicht angelegt werden, allerdings ist die Fachkompetenz der \u00c4rzte sehr hoch anzusiedeln, da viele \u00c4rzte im Ausland studiert haben. Das Krankenhaus verf\u00fcgt ausserdem \u00fcber alle wichtigen Spezialgebiete! Medizinische Versorgungen, die nicht behandelt werden k\u00f6nnen, werden per Helicopter nach Athen \u00fcberwiesen. Abrechnung \u00fcber gesetzliche Krankenversicherung plus Reisekrankenversicherung m\u00f6glich.<\/span><\/p>\n<p>&nbsp;<\/p>\n<p><span style=\"color: #000000;\">Euromedica, eine Privatklinik am Ortsrand von Koskinou<\/span><\/p>\n<p><span style=\"color: #000000;\">Notfall Tel. 0030-22410-45055<\/span><\/p>\n<p><span style=\"color: #000000;\">Call center Tel. 0030-22410-45000<\/span><\/p>\n<p><span style=\"color: #000000;\">Die Klinik verf\u00fcgt \u00fcber eine sehr gute Notfallambulanz und s\u00e4mtliche \u00e4rztliche Fachgebiete. Hohe qualitative Standards in der Versorgung. Abrechnung ausschliesslich auf Privatrechnung.<\/span><\/p>\n<p>&nbsp;<\/p>\n<p><span style=\"color: #000000;\">Zur besonderen Beachtung:<\/span><\/p>\n<p><span style=\"color: #000000;\">Die Bescheinigung der Krankenkassen E 106 wird in der Regel nur anerkannt, wenn man diese der griechischen Krankenversicherungsanstalt IKA vorlegt und einen Antrag dort stellt. Das ist in der Regel leider ein sehr langwieriges Verfahren. Es empfiehlt sich nach wie vor f\u00fcr eine Reise nach Rhodos, eine Auslandsreisekrankenversicherung abzuschliessen. Bezahlung der Rechnung in bar und Erstattung \u00fcber die Versicherung ist der einfachste Weg.<\/span><\/p>\n<p>&nbsp;<\/p>\n<p><span style=\"color: #000000;\"><strong>Einige \u00c4rzte, die Deutsch sprechen (info 2017)<\/strong><\/span><\/p>\n<p><span style=\"color: #000000;\">Allgemeine Medizin:<\/span><br \/>\n<span style=\"color: #000000;\"> Dr. Nikitaras Spyros. Palaologou 49, Rhodos, Tel. 33110<\/span><\/p>\n<p><span style=\"color: #000000;\">Augenarzt:<\/span><br \/>\n<span style=\"color: #000000;\"> Dr. Kokiamtonis Efstathios, Iroon Polytechniou 4, 85100 Rhodos, Tel. 0241\/74084<\/span><\/p>\n<p><span style=\"color: #000000;\">Kinderarzt:<\/span><br \/>\n<span style=\"color: #000000;\"> Dr. Ghatzidakos Nikolaos, P.P. Germnou 50, 85100 Rhodos, Tel.0421\/29629<\/span><\/p>\n<p><span style=\"color: #000000;\">Urologie:<\/span><br \/>\n<span style=\"color: #000000;\"> Dr. Kalafatis Panagiotis, M. Papanastasi 25, 85100 Rhodos, Tel. 0421\/32032<\/span><\/p>\n<p><span style=\"color: #000000;\">Zahnarzt:<\/span><br \/>\n<span style=\"color: #000000;\"> Dr. Kourouna Symiakou Roula, 28. Oktovriou 6, 85100 Rhodos, Tel. 0421\/314223<\/span><br \/>\n<span style=\"color: #000000;\"> Dr. Sotrillis Thomas, Vyronos 2, 85100 Rhodos, Tel. 0421\/23340<\/span><\/p>\n<p><span style=\"color: #000000;\">Internist:<\/span><br \/>\n<span style=\"color: #000000;\"> Dr. Daskolakis Georgios, G. Sefen 78, 85100 Rhodos, Tel.0421\/65662<\/span><\/p>\n<p><span style=\"color: #000000;\">Frauenarzt:<\/span><br \/>\n<span style=\"color: #000000;\"> Dr. Manolikakis Georgios, Pavlou Mela 27, 85100 Rhodos, Tel. 0241\/33454<\/span><br \/>\n<span style=\"color: #000000;\"> Dr. Vasilakis Joannis, Dimokratias 9, 85100 Rhodos, Tel. 0241\/21041<\/span><\/p>\n<p>&nbsp;<\/p>\n","protected":false},"excerpt":{"rendered":"<p>Bleib gesund!! Die medizinische Versorgung auf der Insel ist ausreichend gew\u00e4hrleistet. Bei kleinen Unannehmlichkeiten gibt es kompetenten Rat und Hilfe in den Apotheken (Pharmakeio). Die meisten Apotheker sprechen Englisch und viele auch Deutsch, einige haben ein Medizinstudium absolviert. Sollte es sich um ein gr\u00f6\u00dferes Problem oder einen Notfall handeln, helfen Hotelrezeption, Reiseleitung oder Pensionswirte vor&hellip;<\/p>\n","protected":false},"author":5,"featured_media":0,"parent":0,"menu_order":0,"comment_status":"closed","ping_status":"closed","template":"","meta":{"footnotes":""},"class_list":["post-72","page","type-page","status-publish","hentry"],"translation":{"provider":"WPGlobus","version":"3.0.0","language":"de","enabled_languages":["nl","fi","de","gb"],"languages":{"nl":{"title":true,"content":true,"excerpt":false},"fi":{"title":true,"content":true,"excerpt":false},"de":{"title":true,"content":true,"excerpt":false},"gb":{"title":false,"content":false,"excerpt":false}}},"aioseo_notices":[],"_links":{"self":[{"href":"https:\/\/rhodosinfo.eu\/de\/wp-json\/wp\/v2\/pages\/72","targetHints":{"allow":["GET"]}}],"collection":[{"href":"https:\/\/rhodosinfo.eu\/de\/wp-json\/wp\/v2\/pages"}],"about":[{"href":"https:\/\/rhodosinfo.eu\/de\/wp-json\/wp\/v2\/types\/page"}],"author":[{"embeddable":true,"href":"https:\/\/rhodosinfo.eu\/de\/wp-json\/wp\/v2\/users\/5"}],"replies":[{"embeddable":true,"href":"https:\/\/rhodosinfo.eu\/de\/wp-json\/wp\/v2\/comments?post=72"}],"version-history":[{"count":17,"href":"https:\/\/rhodosinfo.eu\/de\/wp-json\/wp\/v2\/pages\/72\/revisions"}],"predecessor-version":[{"id":5171,"href":"https:\/\/rhodosinfo.eu\/de\/wp-json\/wp\/v2\/pages\/72\/revisions\/5171"}],"wp:attachment":[{"href":"https:\/\/rhodosinfo.eu\/de\/wp-json\/wp\/v2\/media?parent=72"}],"curies":[{"name":"wp","href":"https:\/\/api.w.org\/{rel}","templated":true}]}}