{"id":94,"date":"2017-01-30T13:51:06","date_gmt":"2017-01-30T12:51:06","guid":{"rendered":"http:\/\/www.rhodosinfo.com\/?page_id=94"},"modified":"2018-04-16T20:00:06","modified_gmt":"2018-04-16T19:00:06","slug":"stranden-info","status":"publish","type":"page","link":"https:\/\/rhodosinfo.eu\/de\/stranden-info\/","title":{"rendered":"Str\u00e4nde info"},"content":{"rendered":"<p><span style=\"color: #000000;\"><strong>Afandou<\/strong><\/span><\/p>\n<p><span style=\"color: #000000;\">Lage: 22 Kilometer s\u00fcd\u00f6stlich von Rhodos-Stadt<\/span><br \/>\n<span style=\"color: #000000;\"> Beschreibung: Der l\u00e4ngste Strand der Insel und noch ziemlich ruhig, besteht aus dem gr\u00f6\u00dften Teil des Kieses.<\/span><br \/>\n<span style=\"color: #000000;\"> N\u00e4chstes Dorf: Afandou<\/span><\/p>\n<p><span style=\"color: #000000;\"><strong>Faliraki<\/strong><\/span><\/p>\n<p><span style=\"color: #000000;\">Ort: Faliraki-Licht im nord\u00f6stlichen Teil von Rhodos etwa 14 Kilometer von der Hauptstadt entfernt.<\/span><br \/>\n<span style=\"color: #000000;\"> Beschreibung: Der Strand von Faliraki ist ein sch\u00f6ner Sandstrand von ca. 4 km und bietet Sonnenliegen, verschiedene Wassersportm\u00f6glichkeiten, Tavernen, Restaurants und Strandbars.<\/span><br \/>\n<span style=\"color: #000000;\"> N\u00e4chstes Dorf: Faliraki<\/span><\/p>\n<p><span style=\"color: #000000;\"><strong>Kalathos<\/strong><\/span><\/p>\n<p><span style=\"color: #000000;\">Lage: Der Strand von Kalathos befindet sich 50 Kilometer s\u00fcd\u00f6stlich der Hauptstadt<\/span><br \/>\n<span style=\"color: #000000;\"> Beschreibung: Der Sand ist weich und das Meerwasser kristallklar. Sonnenliegen und Bambusschirme k\u00f6nnen gemietet werden.<\/span><br \/>\n<span style=\"color: #000000;\"> N\u00e4chstes Dorf: Kalathos<\/span><\/p>\n<p><span style=\"color: #000000;\"><strong>Kalithea<\/strong><\/span><\/p>\n<p><span style=\"color: #000000;\">Lage: Kalithea liegt 10 Kilometer nord\u00f6stlich der Hauptstadt.<\/span><br \/>\n<span style=\"color: #000000;\"> Beschreibung: Der Strand von Kallithea ist ber\u00fchmt f\u00fcr seine Thermalquellen. Es ist ein kleiner, aber sch\u00f6ner und gut gesch\u00fctzter Strand, umgeben von Palmen und mit kristallklarem Wasser.<\/span><br \/>\n<span style=\"color: #000000;\"> Es ist daher der einzige Ort auf Rhodos, an dem man mit Flaschen tauchen kann.<\/span><br \/>\n<span style=\"color: #000000;\"> N\u00e4chstes Dorf: Kalithea<\/span><\/p>\n<p><span style=\"color: #000000;\"><strong>Traganou<\/strong><\/span><\/p>\n<p><span style=\"color: #000000;\">Lage: Der Strand von Traganou liegt 15 Kilometer s\u00fcd\u00f6stlich der Hauptstadt und 4 Kilometer von Faliraki entfernt<\/span><br \/>\n<span style=\"color: #000000;\"> Beschreibung: Der Strand ist steinig und das Meer glasklar. Ein kleines St\u00fcck vom Strand ist organisiert und der Rest ist in einem nat\u00fcrlichen Zustand belassen. Hier gibt es eine kleine Fischtaverne<\/span><br \/>\n<span style=\"color: #000000;\"> N\u00e4chstes Dorf: Faliraki<\/span><\/p>\n<p><span style=\"color: #000000;\"><strong>Tsambika<\/strong><\/span><\/p>\n<p><span style=\"color: #000000;\">Lage: Tsampika liegt 26 Kilometer s\u00fcd\u00f6stlich der Hauptstadt<\/span><br \/>\n<span style=\"color: #000000;\"> Beschreibung: Dies ist einer der sch\u00f6nsten Str\u00e4nde der Insel. Kristallklares Wasser und ein goldener Sandstrand.<\/span><br \/>\n<span style=\"color: #000000;\"> Es gibt verschiedene Einrichtungen wie Wassersport, Restaurants und einen Minimarkt.<\/span><br \/>\n<span style=\"color: #000000;\"> N\u00e4chstes Dorf: Archangelos<\/span><\/p>\n<p><span style=\"color: #000000;\"><strong>Agathi<\/strong><\/span><\/p>\n<p><span style=\"color: #000000;\">Lage: Dieser sch\u00f6ne Sandstrand befindet sich 38 Kilometer s\u00fcd\u00f6stlich von Rhodos-Stadt<\/span><br \/>\n<span style=\"color: #000000;\"> Beschreibung: Sch\u00f6ner Sandstrand mit kristallklarem Wasser<\/span><br \/>\n<span style=\"color: #000000;\"> N\u00e4chstes Dorf: Lindos<\/span><\/p>\n<p><span style=\"color: #000000;\"><strong>Elli Strand<\/strong><\/span><\/p>\n<p><span style=\"color: #000000;\">Lage: Der Elli Strand befindet sich in der Stadt Rhodos.<\/span><br \/>\n<span style=\"color: #000000;\"> Beschreibung: Dieser Sandstrand befindet sich in Rhodos zwischen der Hafenm\u00fcndung und dem Aquarium. Alle offenen Stellen sind hier anwesend.<\/span><br \/>\n<span style=\"color: #000000;\"> N\u00e4chstes Dorf: Rhodos Stadt<\/span><\/p>\n<p><span style=\"color: #000000;\"><strong>Ladiko<\/strong><\/span><\/p>\n<p><span style=\"color: #000000;\">Lage: Ladiko liegt 15 Kilometer von der Stadt Rhodos entfernt auf der Ostseite, direkt hinter Falitaki.<\/span><br \/>\n<span style=\"color: #000000;\"> Beschreibung: Ladiko Strand ist ein kleiner Strand, umgeben von H\u00fcgeln und Sie werden hier eine gem\u00fctliche Taverne finden.<\/span><br \/>\n<span style=\"color: #000000;\"> N\u00e4chstes Dorf: Afandou<\/span><\/p>\n<p><span style=\"color: #000000;\"><strong>Anthony Quinn Strand<\/strong><\/span><\/p>\n<p><span style=\"color: #000000;\">Lage: Ladiko liegt 15 Kilometer von Rhodos-Stadt entfernt und ist durch eine kurze Stra\u00dfe verbunden<\/span><br \/>\n<span style=\"color: #000000;\"> Ladiko Strand.<\/span><br \/>\n<span style=\"color: #000000;\"> Beschreibung: Der Strand ist von H\u00fcgeln umgeben. Dieser Strand ist ber\u00fchmt geworden, weil hier ein Teil der &#8220;Kanonen von Navarone&#8221; mit Anthony Quinn gefilmt wurde<\/span><br \/>\n<span style=\"color: #000000;\"> N\u00e4chstes Dorf: Afandou<\/span><\/p>\n<p><script async src=\"\/\/pagead2.googlesyndication.com\/pagead\/js\/adsbygoogle.js\"><\/script><br \/>\n<!-- mobiel 2 --><br \/>\n<ins class=\"adsbygoogle\" style=\"display: block;\" data-ad-client=\"ca-pub-3888415975754403\" data-ad-slot=\"6271830326\" data-ad-format=\"auto\"><\/ins><br \/>\n<script>\n(adsbygoogle = window.adsbygoogle || []).push({});\n<\/script><\/p>\n","protected":false},"excerpt":{"rendered":"<p>Afandou Lage: 22 Kilometer s\u00fcd\u00f6stlich von Rhodos-Stadt Beschreibung: Der l\u00e4ngste Strand der Insel und noch ziemlich ruhig, besteht aus dem gr\u00f6\u00dften Teil des Kieses. N\u00e4chstes Dorf: Afandou Faliraki Ort: Faliraki-Licht im nord\u00f6stlichen Teil von Rhodos etwa 14 Kilometer von der Hauptstadt entfernt. Beschreibung: Der Strand von Faliraki ist ein sch\u00f6ner Sandstrand von ca. 4 km&hellip;<\/p>\n","protected":false},"author":5,"featured_media":0,"parent":0,"menu_order":0,"comment_status":"closed","ping_status":"closed","template":"","meta":{"footnotes":""},"class_list":["post-94","page","type-page","status-publish","hentry"],"translation":{"provider":"WPGlobus","version":"3.0.0","language":"de","enabled_languages":["nl","fi","de","gb"],"languages":{"nl":{"title":true,"content":true,"excerpt":false},"fi":{"title":true,"content":true,"excerpt":false},"de":{"title":true,"content":true,"excerpt":false},"gb":{"title":true,"content":true,"excerpt":false}}},"aioseo_notices":[],"_links":{"self":[{"href":"https:\/\/rhodosinfo.eu\/de\/wp-json\/wp\/v2\/pages\/94","targetHints":{"allow":["GET"]}}],"collection":[{"href":"https:\/\/rhodosinfo.eu\/de\/wp-json\/wp\/v2\/pages"}],"about":[{"href":"https:\/\/rhodosinfo.eu\/de\/wp-json\/wp\/v2\/types\/page"}],"author":[{"embeddable":true,"href":"https:\/\/rhodosinfo.eu\/de\/wp-json\/wp\/v2\/users\/5"}],"replies":[{"embeddable":true,"href":"https:\/\/rhodosinfo.eu\/de\/wp-json\/wp\/v2\/comments?post=94"}],"version-history":[{"count":15,"href":"https:\/\/rhodosinfo.eu\/de\/wp-json\/wp\/v2\/pages\/94\/revisions"}],"predecessor-version":[{"id":2069,"href":"https:\/\/rhodosinfo.eu\/de\/wp-json\/wp\/v2\/pages\/94\/revisions\/2069"}],"wp:attachment":[{"href":"https:\/\/rhodosinfo.eu\/de\/wp-json\/wp\/v2\/media?parent=94"}],"curies":[{"name":"wp","href":"https:\/\/api.w.org\/{rel}","templated":true}]}}