{"id":220,"date":"2017-01-30T16:49:27","date_gmt":"2017-01-30T15:49:27","guid":{"rendered":"http:\/\/www.rhodosinfo.com\/?page_id=220"},"modified":"2023-03-20T21:16:39","modified_gmt":"2023-03-20T19:16:39","slug":"bezienswaardigheden","status":"publish","type":"page","link":"https:\/\/rhodosinfo.eu\/fi\/bezienswaardigheden\/","title":{"rendered":"Kiinnostavat paikat"},"content":{"rendered":"<h1>Kiinnostavat paikat<\/h1>\n<p><span style=\"color: #000000;\"><strong>Rodoksen vanha kaupunki<\/strong><\/span><\/p>\n<p><span style=\"color: #000000;\">Rodoksen<\/span><br \/>\n<span style=\"color: #000000;\"> vanha kaupunki on keskiaikaisen seitsem\u00e4n porttia sis\u00e4lt\u00e4v\u00e4n muurirakennelman ja vallihaudan ymp\u00e4r\u00f6im\u00e4. Portit ovat; Laiv aston aseman portti, Agios Ionniksen portti, Agia Ekaterinin portti, Apostoli Paavalin portti, Amboisen portti, Agios Athanissioksen portti sek\u00e4 Sataman portti.<\/span><\/p>\n<p><span style=\"color: #000000;\"><strong>N\u00e4ht\u00e4vyydet vanhassa kaupungissa:<\/strong><\/span><\/p>\n<p><span style=\"color: #000000;\">Pili Elefterias, Panagia Tou Kastrou, Simin aukio, Suurmestarin palatsi, Arkeologinen museo, kuuluisa Ritarikatu (Ippoton street), kellotorni, minareetti ja arabialainen kylpyl\u00e4, Hippokrateen aukio, Suleimanin moskeija ja Byzanttilainen museo.<\/span><\/p>\n<p><span style=\"color: #000000;\"><strong>Embona<\/strong><\/span><\/p>\n<p><span style=\"color: #000000;\">On yksi \u2019kuvauksellisimmista\u2019 Rodoksen kylist\u00e4 ja se on keskeist\u00e4 viininkasvatusaluetta. Taiernasin alueella tarjotaan paikallista, itse poljettua viini\u00e4, ja sielt\u00e4 l\u00f6ytyy my\u00f6s oppaita Attaviros-vuorelle, jonka huipun korkeus on 1215 metri\u00e4 merenpinnan yl\u00e4puolella.<\/span><\/p>\n<p><span style=\"color: #000000;\">Paikalta l\u00f6ytyv\u00e4t vanhan hautausmaan rauniot, jotka on omistettu ukkosenjumala Zeukselle, sek\u00e4 pieni kirkko, joka on omistettu evankelista Johannekselle.<\/span><br \/>\n<span style=\"color: #000000;\"> Embonan paikallinen traditio on tanssitapahtuma, johon kansallisiin tanssipukuihin sonnustautuneet tanssiryhm\u00e4t osallistuvat.<\/span><br \/>\n<span style=\"color: #000000;\"> Tanssitapahtumaan osallistuu sek\u00e4 pienten kylien ett\u00e4 kansainv\u00e4liset tanssiryhm\u00e4t. Tanssiesitykset j\u00e4rjestet\u00e4\u00e4n joka vuosi elokuun kolmen viimeisen viikon aikana.<\/span><\/p>\n<p><span style=\"color: #000000;\"><strong>Filerimos<\/strong><\/span><\/p>\n<p><span style=\"color: #000000;\">T\u00e4m\u00e4 alue on Ialyssoksen Doric, yksi kolmesta ikivanhasta kaupungista Rodoksella. T\u00e4m\u00e4 oli rantautumispaikka merten takaa hy\u00f6kk\u00e4\u00e4ville sotajoukoille sek\u00e4 asuinpaikka rikkaille Venetsian kauppiaille, ritareille ja ottomaaniturkkilaisille vuosisatoja my\u00f6hemmin.<\/span><\/p>\n<p><span style=\"color: #000000;\">270 metri\u00e4 merenpinnan yl\u00e4puolella voi nauttia loistavista n\u00e4kymist\u00e4 Egeanmerelle. Nimi Filerimos tarkoittaa \u2019Erist\u00e4ytymisen Yst\u00e4v\u00e4t\u2019, ja t\u00e4\u00e4ll\u00e4 voit vierailla 1400-luvun \u2019Meid\u00e4n Lady\u2019 -kirkossa, joka on rakennettu muinaisen temppelin paikalle ja on omistettu ukkosenjumala<\/span><br \/>\n<span style=\"color: #000000;\"> Zeukselle. Kuitenkin t\u00e4t\u00e4 rakennelmaa on jouduttu kunnostamaan useaan kertaan.<\/span><\/p>\n<p><span style=\"color: #000000;\">Turkkilaiset tekiv\u00e4t siihen hevostalleja, ja lopulta se tuhoutui t\u00e4ysin toisen maailmansodan pommituksissa. Toinen katsomisen arvoinen paikka on \u2019Ristin tie\u2019, jonka italialaiset rakensivat, ja tien p\u00e4\u00e4ss\u00e4 olevaan<\/span><br \/>\n<span style=\"color: #000000;\"> ristiin on mahdollista viel\u00e4kin kiivet\u00e4 vaikkapa katsomaan mahtavia maaseutumaisemia.<\/span><\/p>\n<p><span style=\"color: #000000;\"><strong>Muinainen Kamiros<\/strong><\/span><\/p>\n<p><span style=\"color: #000000;\">T\u00e4m\u00e4 on yksi kolmesta muinaisesta kaupungista (Rodos, Lindos ja Kamiros).<\/span><br \/>\n<span style=\"color: #000000;\"> Kamiros oli ainoa linnoittamatta rakennettu kaupunki. Se on laajasti kaivettu esiin, ja sen rauniot antavat loistavan kuvan noin Jeesuksen aikaan hyl\u00e4tyn kaupungin alkuper\u00e4isist\u00e4 rakennelmista. Kamiros on tunnetusti yksi parhaiten s\u00e4ilyneist\u00e4 muinaisista kreikkalaisista kaupungeista.<\/span><\/p>\n<p><span style=\"color: #000000;\">Kamiros oli asuttu 400-luvulle saakka jaa, jolloin se mystisesti hyl\u00e4ttiin. Rauniot sis\u00e4lt\u00e4v\u00e4t agoran (kauppapaikan) sek\u00e4 doorilaisen stoan, 3000 vuotta eaa, akveduktin ja Athena Kamiran temppelin. .<\/span><\/p>\n<p><span style=\"color: #000000;\"><strong>Kallithean Kylpyl\u00e4<\/strong><\/span><\/p>\n<p><span style=\"color: #000000;\">Mineraali- ja l\u00e4mpim\u00e4t l\u00e4hteet ovat tunnettuja parantavista voimistaan jo muinaisista ajoista asti.<\/span><br \/>\n<span style=\"color: #000000;\"> Hippokrates, kaikkein kuuluisin muinainen l\u00e4\u00e4k\u00e4ri, joka eli vuodesta 377 eaa vuoteen 460 asti naapurisaarella Kosilla, suositteli l\u00e4hteit\u00e4 munuaissairauksiin, reumaan ja niveltulehduksiin. Hippokrates dokumentoi 237 erilaista l\u00e4\u00e4keyrtti\u00e4.<\/span><\/p>\n<p><span style=\"color: #000000;\">Italialaiset rakensivat kylpyl\u00e4n vuonna 1929 , ja se on peruskorjattu.<\/span><br \/>\n<span style=\"color: #000000;\"> Sielt\u00e4 l\u00f6ytyy my\u00f6s mukava ranta, mutta merkitt\u00e4vin asia on, ett\u00e4 Kallithea on saaren ainoa alue, jolla on lupa k\u00e4ytt\u00e4\u00e4 sukelluslaitteita merell\u00e4.<\/span><\/p>\n<p><span style=\"color: #000000;\">Joten jos pid\u00e4t ajatuksesta leikki\u00e4 Jack Cousteauta p\u00e4iv\u00e4n verran, tutkia kaunista meren syvyytt\u00e4 Kallithean puhtaassa, sinisess\u00e4 ja kirkkaassa merivedess\u00e4, t\u00e4m\u00e4 on sinulle oikea paikka.<\/span><\/p>\n<p><span style=\"color: #000000;\"><strong>Ladikon merenlahti<\/strong><\/span><\/p>\n<p><span style=\"color: #000000;\">Ladikon merenlahti sijaitsee kahden lomapaikan, Falirakin ja Afandoun<\/span><br \/>\n<span style=\"color: #000000;\"> v\u00e4liss\u00e4. K\u00e4\u00e4nny pois p\u00e4\u00e4tielt\u00e4 ja seuraa pient\u00e4 kyltti\u00e4 t\u00e4lle kristallinkirkkaalle, puhtaalle ja rauhalliselle lahdelle.<\/span><\/p>\n<p><span style=\"color: #000000;\">Lahti on snorklaamiseen ihanteellinen paikka, jossa on pieni hiekkaranta ja l\u00e4hell\u00e4 merta oleva taverna. K\u00e4vele yl\u00f6sp\u00e4in pient\u00e4 kaltevaa tiet\u00e4 ja k\u00e4\u00e4nny heti ensimm\u00e4isest\u00e4 risteyksest\u00e4 oikeaan ja seuraa vuorenrinnett\u00e4 Ladikon lahden yl\u00e4puolella, kunnes tulet aukiolle, josta n\u00e4et toisen t\u00e4ydellisen kauniin lahden.<\/span><\/p>\n<p><span style=\"color: #000000;\">Lahti on tunnettu Anthony Quinn bay -nimisen\u00e4 lahtena, koska kyseinen n\u00e4yttelij\u00e4 l\u00f6ysi sen matkustellessaan ja rakastui siihen oitis. Se on hyvin hiljainen paikka, jossa on pieni ranta ja turkoosi merivesi. Se soveltuu todella hyvin my\u00f6s uimiseen ja snorklaamiseen.<\/span><br \/>\n<span style=\"color: #000000;\"> Anthony Quinn bayta k\u00e4ytettiin rantautumiseen kuuluisassa elokuvassa \u2019Navaronen tykit\u2019.<\/span><\/p>\n<p><span style=\"color: #000000;\"><strong>Monolithos<\/strong><\/span><\/p>\n<p><span style=\"color: #000000;\">Pienen matkan p\u00e4\u00e4ss\u00e4 Monolithoksen kyl\u00e4st\u00e4 on Monolithoksen linna, joka sijaitsee 260 metri\u00e4 korkealla kalliolla. Sielt\u00e4 entisaikojen ritarit tarkkailivat ja vahtivat merta ja ymp\u00e4r\u00f6iv\u00e4\u00e4 maaseutua.<\/span><\/p>\n<p><span style=\"color: #000000;\">Raunioiden sis\u00e4puolella on my\u00f6s pieni valkoiseksi kalkittu kappeli, jossa voi rukoilla yksityisesti. Huipulla voit n\u00e4hd\u00e4 vanhat kivist\u00e4 yl\u00e4tasankoa ymp\u00e4r\u00f6iv\u00e4t sein\u00e4t.<\/span><\/p>\n<p><span style=\"color: #000000;\">Monolithoksen linnan rakensivat ritarit ja sen restaroi suurmestari D\u2019Aubusson vuonna 1488. N\u00e4kym\u00e4t linnasta ovat aivan uskomattoman henke\u00e4salpaavat.<\/span><\/p>\n<p><span style=\"color: #000000;\"><strong>Petaloudes<\/strong><\/span><\/p>\n<p><span style=\"color: #000000;\">Kes\u00e4kuun puoliv\u00e4list\u00e4 aina syyskuuhun saakka Petaloudesin laaksossa on tuhansia pieni\u00e4, kirkkaanv\u00e4risi\u00e4 perhosia.<\/span><\/p>\n<p><span style=\"color: #000000;\">Yksi selitys miksi perhosten ilmestyminen tapahtuu joka vuosi samaan aikaan on, ett\u00e4 perhosia houkuttaa vahvan tuoksuiset laaksossa kasvavat ja kukkivat puut.<\/span><\/p>\n<p><span style=\"color: #000000;\">Voit k\u00e4vell\u00e4 laakson l\u00e4pi seuraten hyvin rakennettuja polkuja ja siltoja sek\u00e4 pys\u00e4hty\u00e4 ottamaan valokuvia parhaista paikoista.<\/span><\/p>\n<p><span style=\"color: #000000;\">Perhoset nukkuvat puiden latvoissa p\u00e4iv\u00e4saikaan, joten pyyd\u00e4mme kunnioittamaan niiden rauhaa, koska perhonen on suojeltu laji. \u00c4l\u00e4 h\u00e4iritse niit\u00e4 taputtamalla k\u00e4si\u00e4 tai ravistelemalla puita.<\/span><\/p>\n<p><span style=\"color: #000000;\"><strong>Prasonissi<\/strong><\/span><\/p>\n<p><span style=\"color: #000000;\">T\u00e4m\u00e4 on saaren etel\u00e4isin paikka. Juuri asvaltoitu kahdeksan kilometrin mittainen tie johtaa hiekkaiselle pengertielle. Etel\u00e4k\u00e4rjess\u00e4 on majakka, josta on loistavat n\u00e4kym\u00e4t. T\u00e4m\u00e4 on paikka, jossa rauhallinen sininen V\u00e4limeri ja vihre\u00e4 raivop\u00e4inen Egeanmeri kohtaavat.<\/span><br \/>\n<span style=\"color: #000000;\"> Meren \u00e4\u00e4rell\u00e4 olevista tavernoista on loistavat n\u00e4kym\u00e4t merelle p\u00e4in, mutta suosittelemme silti niit\u00e4 vain rauhallisella s\u00e4\u00e4ll\u00e4.<\/span><\/p>\n<p><span style=\"color: #000000;\"><strong>Seitsem\u00e4n l\u00e4hdett\u00e4<\/strong><\/span><\/p>\n<p><span style=\"color: #000000;\">Italialaset rakennuttivat t\u00e4m\u00e4n alueen vuonna 1930 kasteluj\u00e4rjestelm\u00e4ksi l\u00e4hell\u00e4 sijaitsevaa Kolymbian kyl\u00e4\u00e4 varten.<\/span><br \/>\n<span style=\"color: #000000;\"> T\u00e4m\u00e4 pieni j\u00e4rvi on todella turistien suosima, koska se nimens\u00e4 mukaisesti muodostuu seitsem\u00e4st\u00e4 l\u00e4hteest\u00e4.<\/span><br \/>\n<span style=\"color: #000000;\"> Se on keskell\u00e4 varjoista mets\u00e4aluetta, jolla sijaitsee my\u00f6s aivan parkkialueen alapuolella oleva taverna, josta on kauniit maisemat.<\/span><br \/>\n<span style=\"color: #000000;\"> My\u00f6s riikinkukot ja ankat pit\u00e4v\u00e4t t\u00e4st\u00e4 alueesta, joten jos sinulla on v\u00e4h\u00e4nk\u00e4\u00e4n leip\u00e4\u00e4, \u00e4l\u00e4 unohda ottaa sit\u00e4 mukaan. Jos olet tarpeeksi rohkea, voit ottaa keng\u00e4t pois ja k\u00e4vell\u00e4 metrin p\u00e4\u00e4st\u00e4 tavernasta l\u00f6ytyv\u00e4n tunnelin l\u00e4pi p\u00e4\u00e4st\u00e4ksesi vesialtaalle, ja jos et ole niin rohkea, voit kiivet\u00e4 kalliota pitkin tunnelin yl\u00e4puolelta.<\/span><\/p>\n<p><span style=\"color: #000000;\"><strong>Sianna<\/strong><\/span><\/p>\n<p><span style=\"color: #000000;\">Sianan kyl\u00e4 on rakennettu amfiteatterimaisesti Mount Akramitisin rinteille, etel\u00e4\u00e4n Rodoksen kaupungista ja koilliseen Monolithoksen kyl\u00e4st\u00e4.<\/span><br \/>\n<span style=\"color: #000000;\"> Siell\u00e4 k\u00e4vij\u00e4 voi nauttia upeasta n\u00e4k\u00f6alasta Rodoksen rannikolle ja pienille l\u00e4hisaarille.<\/span><br \/>\n<span style=\"color: #000000;\"> Sianassa on kauniit vuoristoiset maisemat, ja sielt\u00e4 on per\u00e4isin paikallinen \u2019tuliliemi\u2019 souma, joka on tislattu ryp\u00e4leist\u00e4, joita viljell\u00e4\u00e4n vain t\u00e4ss\u00e4 kyl\u00e4ss\u00e4.<\/span><\/p>\n<p><span style=\"color: #000000;\"><strong>Monte Smith<\/strong><\/span><\/p>\n<p><span style=\"color: #000000;\">Antiikin aikainen helleeninen Rodoksen kaupunki sijaitsee Monte Smith -kukkulan it\u00e4rinteell\u00e4. Siell\u00e4 on joitakin kaupungin j\u00e4\u00e4nn\u00f6ksi\u00e4, mm. rekonstruoitu stadion ja osittain entis\u00f6ity Apollon temppeli.<\/span><\/p>\n<p><span style=\"color: #000000;\">Kukkula, joka alun perin tunnetaan nimell\u00e4 Mount Agios Stefanos, on ollut Monte Smith Napoleonin sodista l\u00e4htien, jolloin englantilainen amiraali Sydney Smith k\u00e4ytti sit\u00e4 tarkkailupaikkana.<\/span><\/p>\n<p><span style=\"color: #000000;\"><strong>Tsambikan luostari<\/strong><\/span><\/p>\n<p><span style=\"color: #000000;\">Tsambikan vuoren huipun l\u00e4hell\u00e4 oleva bysanttilainen luostari on<\/span><br \/>\n<span style=\"color: #000000;\"> per\u00e4isin 1300-luvulta. Se muodostuu viidest\u00e4 valkeaksi kalkitusta<\/span><br \/>\n<span style=\"color: #000000;\"> kammiosta.<\/span><\/p>\n<p><span style=\"color: #000000;\">Paikalliset lapsettomat naiset tekev\u00e4t pyhiinvaelluksen t\u00e4h\u00e4n luostariin 8. syyskuuta rukoillakseen hedelm\u00e4llisyytt\u00e4.<\/span><\/p>\n<p><span style=\"color: #000000;\">Osoittaakseen kiitollisuuttaan he antavat poikalapselle nimen Tsambikos ja tyt\u00f6t nimet\u00e4\u00e4n Tsambikaksi.<\/span><\/p>\n<p><span style=\"color: #000000;\">Luostarin ulkopuolelta n\u00e4k\u00f6ala merelle ja Tsambikan rannalle on saaren kauneimpia. Siell\u00e4 on pitk\u00e4 hiekkaranta, jolla on tavernoita, kojuja ja monia vesiurheilumahdollisuuksia.<\/span><\/p>\n<p><span style=\"color: #000000;\"><strong>Lindos<\/strong><\/span><br \/>\n<span style=\"color: #000000;\"> Lindos on useimpien k\u00e4vij\u00f6iden mielest\u00e4 vaikuttavin arkeologinen paikka Rodoksella. T\u00e4rkeimm\u00e4t arkeologiset monumentit ovat akropoliksella, mutta kiinnostavia raunioita on useammassa paikassa kaupungin alueella ja my\u00f6s aivan sen ulkopuolella.<\/span><\/p>\n<p><span style=\"color: #000000;\">Yl\u00f6s akropolikselle johtaa tie, mutta jos haluat v\u00e4ltt\u00e4\u00e4 rasittavan kiipe\u00e4misen, voit vuokrata aasin kaupungin sis\u00e4\u00e4ntulotielt\u00e4. Ensimm\u00e4iseksi n\u00e4et ristiretkel\u00e4isten (1300-luvun alussa) aikaisempien linnoitusten \u2013 sek\u00e4 bysantin ett\u00e4 antiikin aikaisten \u2013 j\u00e4\u00e4nn\u00f6sten p\u00e4\u00e4lle rakentaman keskiaikaisen linnoituksen muurit. Maaston luonnollisia muotoja noudattavilla muureilla on muutamia torneja.<\/span><\/p>\n<p><span style=\"color: #000000;\"><strong>Profitis Ilias<\/strong><\/span><\/p>\n<p><span style=\"color: #000000;\">Profitis Ilias on m\u00e4ntymets\u00e4inen luostarivuori (720 m), joka on nimetty profeetta Eliaksen mukaan. Italialaiset rakensivat sinne kaksi vierekk\u00e4ist\u00e4, sveitsil\u00e4ist\u00e4 Chalet-tyylist\u00e4 hotellia, Elafos ja Elafina, mutta ne ovat olleet suljettuina useita vuosia. Elafos-hotelli aloitti toimintansa uudelleen vuonna 2006 ja tarjoaa majoitusta 20 huoneesssa ja kolmessa sviitiss\u00e4. My\u00f6s Elafina-hotelli on tarkoitus kunnostaa.<\/span><\/p>\n<p><span style=\"color: #000000;\">L\u00e4hell\u00e4 olevassa kahvilassa tarjotaan teet\u00e4, kahvia tai ouzoa takkatulen \u00e4\u00e4rell\u00e4. Itse muurin ymp\u00e4r\u00f6im\u00e4 luostari on pieni, eik\u00e4 siell\u00e4 ole juuri elonmerkkej\u00e4 ennen kes\u00e4kuun 20. p\u00e4iv\u00e4\u00e4.<\/span><\/p>\n<p><span style=\"color: #000000;\">T\u00e4ll\u00e4 korkeudella voi nauttia villikukkien, mm. laajalle levitt\u00e4ytyneen syklaamin kauneudesta toukokuun loppupuolelle saakka ja my\u00f6hemminkin viile\u00e4n\u00e4 kev\u00e4\u00e4n\u00e4. T\u00e4\u00e4ll\u00e4 kasvaa my\u00f6s valkoinen ruusupioni (rhodia), vieh\u00e4tt\u00e4v\u00e4 erikoinen kasvi, joka on t\u00e4\u00e4ll\u00e4 melko yleinen mutta ei saaren muissa osissa. Se kukkii huhti-toukokuussa ja joskus se voi kasvaa pientareilla tien yli riippuen.<\/span><\/p>\n<p><span style=\"color: #000000;\">K\u00e4\u00e4nn\u00f6kset Riitta Kuosmanen<\/span><\/p>\n<p><script async=\"\" src=\"\/\/pagead2.googlesyndication.com\/pagead\/js\/adsbygoogle.js\"><\/script><br \/>\n<!-- mobiel 2 --><br \/>\n<ins class=\"adsbygoogle\" style=\"display: block;\" data-ad-client=\"ca-pub-3888415975754403\" data-ad-slot=\"6271830326\" data-ad-format=\"auto\"><\/ins><br \/>\n<script><br \/>\n(adsbygoogle = window.adsbygoogle || []).push({});<br \/>\n<\/script><\/p>\n","protected":false},"excerpt":{"rendered":"<p>Kiinnostavat paikat Rodoksen vanha kaupunki Rodoksen vanha kaupunki on keskiaikaisen seitsem\u00e4n porttia sis\u00e4lt\u00e4v\u00e4n muurirakennelman ja vallihaudan ymp\u00e4r\u00f6im\u00e4. Portit ovat; Laiv aston aseman portti, Agios Ionniksen portti, Agia Ekaterinin portti, Apostoli Paavalin portti, Amboisen portti, Agios Athanissioksen portti sek\u00e4 Sataman portti. N\u00e4ht\u00e4vyydet vanhassa kaupungissa: Pili Elefterias, Panagia Tou Kastrou, Simin aukio, Suurmestarin palatsi, Arkeologinen museo, kuuluisa&hellip;<\/p>\n","protected":false},"author":5,"featured_media":0,"parent":0,"menu_order":0,"comment_status":"closed","ping_status":"closed","template":"","meta":{"footnotes":""},"class_list":["post-220","page","type-page","status-publish","hentry"],"translation":{"provider":"WPGlobus","version":"3.0.0","language":"fi","enabled_languages":["nl","fi","de","gb"],"languages":{"nl":{"title":true,"content":true,"excerpt":false},"fi":{"title":true,"content":true,"excerpt":false},"de":{"title":true,"content":true,"excerpt":false},"gb":{"title":true,"content":true,"excerpt":false}}},"aioseo_notices":[],"_links":{"self":[{"href":"https:\/\/rhodosinfo.eu\/fi\/wp-json\/wp\/v2\/pages\/220","targetHints":{"allow":["GET"]}}],"collection":[{"href":"https:\/\/rhodosinfo.eu\/fi\/wp-json\/wp\/v2\/pages"}],"about":[{"href":"https:\/\/rhodosinfo.eu\/fi\/wp-json\/wp\/v2\/types\/page"}],"author":[{"embeddable":true,"href":"https:\/\/rhodosinfo.eu\/fi\/wp-json\/wp\/v2\/users\/5"}],"replies":[{"embeddable":true,"href":"https:\/\/rhodosinfo.eu\/fi\/wp-json\/wp\/v2\/comments?post=220"}],"version-history":[{"count":38,"href":"https:\/\/rhodosinfo.eu\/fi\/wp-json\/wp\/v2\/pages\/220\/revisions"}],"predecessor-version":[{"id":5114,"href":"https:\/\/rhodosinfo.eu\/fi\/wp-json\/wp\/v2\/pages\/220\/revisions\/5114"}],"wp:attachment":[{"href":"https:\/\/rhodosinfo.eu\/fi\/wp-json\/wp\/v2\/media?parent=220"}],"curies":[{"name":"wp","href":"https:\/\/api.w.org\/{rel}","templated":true}]}}