{"id":55,"date":"2017-01-30T13:21:25","date_gmt":"2017-01-30T12:21:25","guid":{"rendered":"http:\/\/www.rhodosinfo.com\/?page_id=55"},"modified":"2023-04-16T12:43:31","modified_gmt":"2023-04-16T09:43:31","slug":"activiteiten","status":"publish","type":"page","link":"https:\/\/rhodosinfo.eu\/fi\/activiteiten\/","title":{"rendered":"Aktiviteetteja"},"content":{"rendered":"<p><span style=\"color: #333333;\">Kaikkea mit\u00e4 voit kuvitella l\u00f6ytyy Rodokselta: polkupy\u00f6rien vuokrausta, sukelluskouluja, kuntosaleja, aerobicia, keilailua, jalkapalloa, tennist\u00e4, golfia (Afandou), minigolfia, casino, huvivenesatama, ratsastusta, purjehdusta, varjoliitoa, vesihiihtoa, jeeppisafareja, surffausta, vesipuisto, huvipuistoja ja paljon muuta.<\/span><\/p>\n<h4 style=\"text-align: center; color: #333333;\">Safari&#8217;s.<br \/>\n<a href=\"http:\/\/www.bumpy-rhodes.nl\/\" target=\"_blank\" rel=\"noopener\"><br \/>\n<\/a><a href=\"http:\/\/www.bumpy-rhodes.nl\/\" target=\"_blank\" rel=\"noopener\"><img loading=\"lazy\" decoding=\"async\" class=\"aligncenter\" src=\"http:\/\/www.rhodosinfo.com\/Images\/banners\/bumpy.jpg\" alt=\"Aktiviteiten, Bumpy Rhodes Safari's\" width=\"468\" height=\"464\"><\/a><\/h4>\n<hr>\n<h4 style=\"text-align: center; color: #333333;\">Windsurf<\/h4>\n<p align=\"center\"><a href=\"http:\/\/www.surflinerhodes.gr\/\" target=\"_blank\" rel=\"noopener\"><img loading=\"lazy\" decoding=\"async\" class=\"alignnone\" src=\"http:\/\/www.rhodosinfo.com\/Images\/banners\/surfline.jpg\" alt=\"Aktiviteiten, Surfline Rhodes Windsurfing\" width=\"468\" height=\"430\"><\/a><\/p>\n<hr>\n<h4 style=\"text-align: center; color: #333333;\">Sukellusta<\/h4>\n<p align=\"center\"><a href=\"http:\/\/www.waterhoppers.com\/\" target=\"_blank\" rel=\"noopener\"><img loading=\"lazy\" decoding=\"async\" class=\"alignnone\" src=\"http:\/\/www.rhodosinfo.com\/Images\/banners\/hoppers.jpg\" alt=\"Aktiviteiten, The Waterhoppers Diving\" width=\"468\" height=\"420\"><\/a><\/p>\n<hr>\n<h4 style=\"text-align: center; color: #333333;\">Kitesurfen Surf Club Ialysos<\/h4>\n<p align=\"center\"><a href=\"http:\/\/kitesurfrhodes.com\/\" target=\"_blank\" rel=\"noopener\"><img loading=\"lazy\" decoding=\"async\" class=\"alignnone\" src=\"http:\/\/www.rhodosinfo.com\/Images\/banners\/panddelban.jpg\" alt=\"Aktiviteiten, Surf Club Del Zour Ialysos\" &gt;<=\"\" a=\"\" width=\"468\" height=\"351\"><\/a><\/p>\n<p><a href=\"http:\/\/kitesurfrhodes.com\/\" target=\"_blank\" rel=\"noopener\"><\/a><\/p>\n<p><a href=\"http:\/\/kitesurfrhodes.com\/\" target=\"_blank\" rel=\"noopener\"><\/a><\/p>\n<p><a href=\"http:\/\/kitesurfrhodes.com\/\" target=\"_blank\" rel=\"noopener\"><\/a><\/p>\n<p><a href=\"http:\/\/kitesurfrhodes.com\/\" target=\"_blank\" rel=\"noopener\"><\/p>\n<hr>\n<h4 style=\"text-align: center; color: #333333;\">Paddle Paradise<\/h4>\n<p><\/a><a href=\"http:\/\/kitesurfrhodes.com\/\" target=\"_blank\" rel=\"noopener\"><\/a><a href=\"http:\/\/kitesurfrhodes.com\/\" target=\"_blank\" rel=\"noopener\"><\/a><a href=\"http:\/\/kitesurfrhodes.com\/\" target=\"_blank\" rel=\"noopener\"><\/a><\/p>\n<p align=\"center\"><a href=\"http:\/\/kitesurfrhodes.com\/\" target=\"_blank\" rel=\"noopener\"><\/a><a href=\"http:\/\/paddleparadise.gr\/\" target=\"_blank\" rel=\"noopener\"><img loading=\"lazy\" decoding=\"async\" class=\"alignnone\" src=\"http:\/\/www.rhodosinfo.com\/Images\/banners\/paddle2.jpg\" alt=\"Aktiviteiten, Paddle Paradise Stand Up Paddle Adventures op Rhodos\" &gt;<=\"\" a=\"\" width=\"486\" height=\"430\"><\/a><\/p>\n<p><a href=\"http:\/\/paddleparadise.gr\/\" target=\"_blank\" rel=\"noopener\"><\/a><\/p>\n<p><a href=\"http:\/\/paddleparadise.gr\/\" target=\"_blank\" rel=\"noopener\"><\/a><\/p>\n<p><a href=\"http:\/\/paddleparadise.gr\/\" target=\"_blank\" rel=\"noopener\"><\/p>\n<hr>\n<hr>\n<p align=\"center\"><script src=\"\/\/pagead2.googlesyndication.com\/pagead\/js\/adsbygoogle.js\" async=\"\"><\/script><br \/>\n<!-- mobiel --><br \/>\n<ins class=\"adsbygoogle\" style=\"display: block;\" data-ad-client=\"ca-pub-3888415975754403\" data-ad-slot=\"2320333521\" data-ad-format=\"auto\"><\/ins><br \/>\n<script>\/\/ <![CDATA[ (adsbygoogle = window.adsbygoogle || []).push({}); \/\/ ]]><\/script><\/p>\n<p><\/a><a href=\"http:\/\/paddleparadise.gr\/\" target=\"_blank\" rel=\"noopener\"><\/a><a href=\"http:\/\/paddleparadise.gr\/\" target=\"_blank\" rel=\"noopener\"><\/a><\/p>\n","protected":false},"excerpt":{"rendered":"<p>Kaikkea mit\u00e4 voit kuvitella l\u00f6ytyy Rodokselta: polkupy\u00f6rien vuokrausta, sukelluskouluja, kuntosaleja, aerobicia, keilailua, jalkapalloa, tennist\u00e4, golfia (Afandou), minigolfia, casino, huvivenesatama, ratsastusta, purjehdusta, varjoliitoa, vesihiihtoa, jeeppisafareja, surffausta, vesipuisto, huvipuistoja ja paljon muuta. Safari&#8217;s. Windsurf Sukellusta Kitesurfen Surf Club Ialysos<\/p>\n","protected":false},"author":5,"featured_media":0,"parent":0,"menu_order":0,"comment_status":"closed","ping_status":"closed","template":"","meta":{"footnotes":""},"class_list":["post-55","page","type-page","status-publish","hentry"],"translation":{"provider":"WPGlobus","version":"3.0.0","language":"fi","enabled_languages":["nl","fi","de","gb"],"languages":{"nl":{"title":true,"content":true,"excerpt":false},"fi":{"title":true,"content":true,"excerpt":false},"de":{"title":true,"content":true,"excerpt":false},"gb":{"title":false,"content":true,"excerpt":false}}},"aioseo_notices":[],"_links":{"self":[{"href":"https:\/\/rhodosinfo.eu\/fi\/wp-json\/wp\/v2\/pages\/55","targetHints":{"allow":["GET"]}}],"collection":[{"href":"https:\/\/rhodosinfo.eu\/fi\/wp-json\/wp\/v2\/pages"}],"about":[{"href":"https:\/\/rhodosinfo.eu\/fi\/wp-json\/wp\/v2\/types\/page"}],"author":[{"embeddable":true,"href":"https:\/\/rhodosinfo.eu\/fi\/wp-json\/wp\/v2\/users\/5"}],"replies":[{"embeddable":true,"href":"https:\/\/rhodosinfo.eu\/fi\/wp-json\/wp\/v2\/comments?post=55"}],"version-history":[{"count":55,"href":"https:\/\/rhodosinfo.eu\/fi\/wp-json\/wp\/v2\/pages\/55\/revisions"}],"predecessor-version":[{"id":5208,"href":"https:\/\/rhodosinfo.eu\/fi\/wp-json\/wp\/v2\/pages\/55\/revisions\/5208"}],"wp:attachment":[{"href":"https:\/\/rhodosinfo.eu\/fi\/wp-json\/wp\/v2\/media?parent=55"}],"curies":[{"name":"wp","href":"https:\/\/api.w.org\/{rel}","templated":true}]}}