{"id":555,"date":"2017-02-13T17:21:40","date_gmt":"2017-02-13T16:21:40","guid":{"rendered":"http:\/\/www.rhodosinfo.com\/?page_id=555"},"modified":"2023-03-21T20:50:17","modified_gmt":"2023-03-21T18:50:17","slug":"rhodos-stad-oude-en-nieuwe","status":"publish","type":"page","link":"https:\/\/rhodosinfo.eu\/fi\/rhodos-stad-oude-en-nieuwe\/","title":{"rendered":"Vanha kaupunki"},"content":{"rendered":"<div>\n<h2 class=\"main_caption\"><span style=\"color: #000000;\">Vanha kaupunki<\/span><\/h2>\n<p><span style=\"color: #000000;\">Kaupunki perustettiin vuonna 408 eaa Peloponnesoksen sodan aikana, kun kolme saaren suurinta kaupunkia yhdistyi turvallisuuden lis\u00e4\u00e4miseksi. Historian saatossa Rodoksen kaupunkia ovat hallinneet eri vallanpit\u00e4j\u00e4t; Sparta, Ateena ja my\u00f6hemmin Rooma.<\/span><br \/>\n<span style=\"color: #000000;\"> Ajan saatossa Rodos loi hyv\u00e4t kauppasuhteet Egyptiin, mik\u00e4 \u00e4rsytti Syyrian kuningasta. H\u00e4n l\u00e4hetti poikansa valtaamaan Rodoksen. T\u00e4m\u00e4 kuitenkin ep\u00e4onnistui ja palasi kotiin. H\u00e4n j\u00e4tti kuitenkin j\u00e4lkeens\u00e4 valtaamisyrityksess\u00e4 k\u00e4ytettyj\u00e4 v\u00e4lineit\u00e4, jotka rodoslaiset myiv\u00e4t ja rakensivat mahtavan kolossin, joka valmistui vuonna 282 eaa. Roomalaisten l\u00e4sn\u00e4olo Rodoksella kasvoi 200-luvulle (eaa) tultaessa, ja he murskasivat rodoslaisten vapaan kaupan v\u00e4hent\u00e4\u00e4kseen n\u00e4iden valtaa. Sen vuoksi rodoslaiset kielt\u00e4ytyiv\u00e4t auttamasta Cassiusta taisteluissa Rooman vihollisia vastaan sen j\u00e4lkeen kun Julius Caesar oli murhattu. T\u00e4m\u00e4n seurauksena Cassius valtasi Rodoksen ja tuhosi siit\u00e4 suuren osan vuonna 42 eaa.<\/span><\/p>\n<\/div>\n<div><\/div>\n<div><span style=\"color: #000000;\"><img loading=\"lazy\" decoding=\"async\" class=\"alignnone\" src=\"https:\/\/rhodosinfo.eu\/Images\/rhodos\/ot3.jpg\" alt=\"De muur van Rhodos Stad\" width=\"300\" height=\"225\" border=\"0\"><img loading=\"lazy\" decoding=\"async\" class=\"alignnone\" src=\"http:\/\/www.rhodosinfo.com\/Images\/rhodos\/ot6.jpg\" alt=\"Moskee in Rhodos stad\" width=\"300\" height=\"225\" border=\"0\"><\/span><\/div>\n<div><span style=\"color: #000000;\"><img loading=\"lazy\" decoding=\"async\" class=\"alignnone\" src=\"http:\/\/www.rhodosinfo.com\/Images\/rhodos\/ot8.jpg\" alt=\"Het Paleis van Rhodos Stad\" width=\"300\" height=\"225\" border=\"0\"><img loading=\"lazy\" decoding=\"async\" class=\"alignnone\" src=\"https:\/\/rhodosinfo.eu\/Images\/rhodos\/grandmaster1.jpg\" alt=\"Ridderstraat van Rhodos stad\" &gt;<=\"\" span=\"\" width=\"300\" height=\"225\" border=\"0\"><\/span><\/div>\n<div><\/div>\n<div><\/div>\n<div>\n<p><span style=\"color: #000000;\">Rodoksen vanhaa kaupunkia kiert\u00e4\u00e4 keskiaikainen muuri, jossa on seitsem\u00e4n porttia: Laivaston aseman portti, Agios Ioanniksen portti, Agia Ekaterinin portti, apostoli Paavalin portti, Amboisen portti, Agios Athanassioksen portti ja sataman portti.<\/span><span style=\"color: #000000;\">Rooman imperiumin hajoamisen j\u00e4lkeen Rodoksesta tuli osa Bysantin imperiumia. Sen kaupallinen menestys kasvoi, koska kaupungista oli tulossa suuri yhteyspaikka id\u00e4n ja l\u00e4nnen v\u00e4lille. Kaupunkiin hy\u00f6k\u00e4ttiin ja se ry\u00f6stettiin useita kertoja; persialaiset vuonna 620 jaa, muslimimerirosvot vuonna 651, Kalifi Haroun-El-Rashidin laivasto vuonna 807 ja merirosvot 1100-luvulla. Venetsialaiset perustivat kaupallisen aseman satamaan vuonna 1082. Kun bysanttilaiset menettiv\u00e4t vallan Konstantinopolissa vuonna 1204, Rodos siirtyi paikalliseen venatsialaissyntyisen maanomistajan hallintaan. My\u00f6hemmin venetsialaiset amiraalit m\u00f6iv\u00e4t kaupungin jerusalemilaiselle Pyh\u00e4n Johanniittain ritarikunnalle vuonna 1309. T\u00e4m\u00e4n 213 vuotta kest\u00e4neen ritareiden hallinnon aikana Rodokselle hankittiin muurit, portit ja syv\u00e4t vallihaudat.<\/span><\/p>\n<\/div>\n<p><span style=\"color: #000000;\">Ritarien palatsi (alias suurmestareiden palatsi) on ehdottomasti paikka, joka t\u00e4ytyy n\u00e4hd\u00e4!<\/span><br \/>\n<span style=\"color: #000000;\"> Siin\u00e4 on valtavan goottilaisen linnan t\u00e4ydellinen tunnelma. Linna toimi ritareiden hallinnollisena keskuksena ja rakennettiin paikalleen Akropolikselle Bysantin aikakaudella. Palatsi tuhoutui t\u00e4ysin r\u00e4j\u00e4hdyksess\u00e4 vuonna 1865, ja sen j\u00e4lleenrakentajina toimivat italiailaiset. Lattiassa olevat kauniit mosaiikit ovat hellenistiselt\u00e4 ja roomalaisten hallinnon aikakausilta ja ne tuotiin Kosin saarelta. Suora tie, joka johtaa alas palatsilta satamaan, on nimelt\u00e4\u00e4n Ritarikatu ja se oli t\u00e4rkein kulkuv\u00e4yl\u00e4 viisisataa vuotta sitten. Se on mukulakivikatu, joka rakennettiin Akropolikselta satamaan johtaneen muinaisen polun p\u00e4\u00e4lle. Sit\u00e4 on kehuttu parhaiten s\u00e4ilyneeksi keskiaikaiseksi kaduksi ja sill\u00e4 on kiehtovaa k\u00e4vell\u00e4. Se oli my\u00f6s monien ritareiden asuinpaikka. Ritarit jakautuivat seitsem\u00e4\u00e4n eri uskonnolliseen s\u00e4\u00e4tyyn kielen mukaan, ja n\u00e4iden s\u00e4\u00e4tyjen majatalot reunustuvat Ritarikatua. Nyky\u00e4\u00e4n ne ovat valtion virastoina eiv\u00e4tk\u00e4 ole avoinna yleis\u00f6lle.<\/span><\/p>\n<p><script async=\"\" src=\"\/\/pagead2.googlesyndication.com\/pagead\/js\/adsbygoogle.js\"><\/script><br \/>\n<!-- mobiel 2 --><br \/>\n<ins class=\"adsbygoogle\" style=\"display: block;\" data-ad-client=\"ca-pub-3888415975754403\" data-ad-slot=\"6271830326\" data-ad-format=\"auto\"><\/ins><br \/>\n<script><br \/>\n(adsbygoogle = window.adsbygoogle || []).push({});<br \/>\n<\/script><\/p>\n<p>&nbsp;<\/p>\n<p>&nbsp;<\/p>\n","protected":false},"excerpt":{"rendered":"<p>Vanha kaupunki Kaupunki perustettiin vuonna 408 eaa Peloponnesoksen sodan aikana, kun kolme saaren suurinta kaupunkia yhdistyi turvallisuuden lis\u00e4\u00e4miseksi. Historian saatossa Rodoksen kaupunkia ovat hallinneet eri vallanpit\u00e4j\u00e4t; Sparta, Ateena ja my\u00f6hemmin Rooma. Ajan saatossa Rodos loi hyv\u00e4t kauppasuhteet Egyptiin, mik\u00e4 \u00e4rsytti Syyrian kuningasta. H\u00e4n l\u00e4hetti poikansa valtaamaan Rodoksen. T\u00e4m\u00e4 kuitenkin ep\u00e4onnistui ja palasi kotiin. H\u00e4n j\u00e4tti&hellip;<\/p>\n","protected":false},"author":5,"featured_media":0,"parent":0,"menu_order":0,"comment_status":"closed","ping_status":"closed","template":"","meta":{"footnotes":""},"class_list":["post-555","page","type-page","status-publish","hentry"],"translation":{"provider":"WPGlobus","version":"3.0.0","language":"fi","enabled_languages":["nl","fi","de","gb"],"languages":{"nl":{"title":true,"content":true,"excerpt":false},"fi":{"title":true,"content":true,"excerpt":false},"de":{"title":true,"content":true,"excerpt":false},"gb":{"title":true,"content":true,"excerpt":false}}},"aioseo_notices":[],"_links":{"self":[{"href":"https:\/\/rhodosinfo.eu\/fi\/wp-json\/wp\/v2\/pages\/555","targetHints":{"allow":["GET"]}}],"collection":[{"href":"https:\/\/rhodosinfo.eu\/fi\/wp-json\/wp\/v2\/pages"}],"about":[{"href":"https:\/\/rhodosinfo.eu\/fi\/wp-json\/wp\/v2\/types\/page"}],"author":[{"embeddable":true,"href":"https:\/\/rhodosinfo.eu\/fi\/wp-json\/wp\/v2\/users\/5"}],"replies":[{"embeddable":true,"href":"https:\/\/rhodosinfo.eu\/fi\/wp-json\/wp\/v2\/comments?post=555"}],"version-history":[{"count":61,"href":"https:\/\/rhodosinfo.eu\/fi\/wp-json\/wp\/v2\/pages\/555\/revisions"}],"predecessor-version":[{"id":5158,"href":"https:\/\/rhodosinfo.eu\/fi\/wp-json\/wp\/v2\/pages\/555\/revisions\/5158"}],"wp:attachment":[{"href":"https:\/\/rhodosinfo.eu\/fi\/wp-json\/wp\/v2\/media?parent=555"}],"curies":[{"name":"wp","href":"https:\/\/api.w.org\/{rel}","templated":true}]}}